{"id":3752,"date":"2024-08-30T22:57:02","date_gmt":"2024-08-31T01:57:02","guid":{"rendered":"https:\/\/bossi.com.ar\/site\/?post_type=product&#038;p=3752"},"modified":"2024-08-30T22:57:03","modified_gmt":"2024-08-31T01:57:03","slug":"cocina-4-hornallas-industrial","status":"publish","type":"product","link":"https:\/\/bossi.com.ar\/site\/producto\/cocina-4-hornallas-industrial\/","title":{"rendered":"Cocina 4 hornallas Industrial"},"content":{"rendered":"<p>Cocina 4 hornallas y horno refractario, linea Industrial. Totalmente construida en acero inoxidable, rejas de fundici\u00f3n pesadas y acero de excelente calidad. Una gran opci\u00f3n para su local gastron\u00f3mico a un excelente precio.<\/p>\n","protected":false},"excerpt":{"rendered":"<p>Cocina 4 hornallas y horno refractario, linea Industrial. Totalmente construida en acero inoxidable, rejas de fundici\u00f3n pesadas y acero de excelente calidad. Una gran opci\u00f3n para su local gastron\u00f3mico a un excelente precio.<\/p>\n","protected":false},"featured_media":3753,"comment_status":"closed","ping_status":"closed","template":"","meta":{"_et_pb_use_builder":"on","_et_pb_old_content":"Cocina 4 hornallas y horno refractario, linea Industrial. Totalmente construida en acero inoxidable, rejas de fundici\u00f3n pesadas y acero de excelente calidad. Una gran opci\u00f3n para su local gastron\u00f3mico a un excelente precio.","_et_gb_content_width":""},"product_brand":[],"product_cat":[579],"product_tag":[],"class_list":{"0":"post-3752","1":"product","2":"type-product","3":"status-publish","4":"has-post-thumbnail","6":"product_cat-cocinas","8":"first","9":"instock","10":"shipping-taxable","11":"product-type-simple"},"_links":{"self":[{"href":"https:\/\/bossi.com.ar\/site\/wp-json\/wp\/v2\/product\/3752","targetHints":{"allow":["GET"]}}],"collection":[{"href":"https:\/\/bossi.com.ar\/site\/wp-json\/wp\/v2\/product"}],"about":[{"href":"https:\/\/bossi.com.ar\/site\/wp-json\/wp\/v2\/types\/product"}],"replies":[{"embeddable":true,"href":"https:\/\/bossi.com.ar\/site\/wp-json\/wp\/v2\/comments?post=3752"}],"wp:featuredmedia":[{"embeddable":true,"href":"https:\/\/bossi.com.ar\/site\/wp-json\/wp\/v2\/media\/3753"}],"wp:attachment":[{"href":"https:\/\/bossi.com.ar\/site\/wp-json\/wp\/v2\/media?parent=3752"}],"wp:term":[{"taxonomy":"product_brand","embeddable":true,"href":"https:\/\/bossi.com.ar\/site\/wp-json\/wp\/v2\/product_brand?post=3752"},{"taxonomy":"product_cat","embeddable":true,"href":"https:\/\/bossi.com.ar\/site\/wp-json\/wp\/v2\/product_cat?post=3752"},{"taxonomy":"product_tag","embeddable":true,"href":"https:\/\/bossi.com.ar\/site\/wp-json\/wp\/v2\/product_tag?post=3752"}],"curies":[{"name":"wp","href":"https:\/\/api.w.org\/{rel}","templated":true}]}}