{"id":3843,"date":"2020-09-10T00:30:50","date_gmt":"2020-09-10T00:30:50","guid":{"rendered":"https:\/\/www.bossi.com.ar\/site\/?product=heladera-exhibidora-tipo-pecera-1726317812"},"modified":"2024-12-18T10:54:13","modified_gmt":"2024-12-18T13:54:13","slug":"heladera-exhibidora-tipo-pecera-1726317812","status":"publish","type":"product","link":"https:\/\/bossi.com.ar\/site\/producto\/heladera-exhibidora-tipo-pecera-1726317812\/","title":{"rendered":"Heladera exhibidora tipo pecera"},"content":{"rendered":"<p>Heladera exhibidora tipo pecera, ideal para panader\u00edas, confiter\u00edas, pastas, rotiser\u00edas, etc. C\u00fapula y frente de vidrios termopanel, iluminaci\u00f3n led, equipo compacto de bajo consumo y gran rendimiento. Lo que tu comercio necesita para tener mejor imagen.<\/p>\n","protected":false},"excerpt":{"rendered":"<p>Heladera exhibidora tipo pecera.<\/p>\n","protected":false},"featured_media":3842,"comment_status":"open","ping_status":"closed","template":"","meta":{"_et_pb_use_builder":"","_et_pb_old_content":"","_et_gb_content_width":""},"product_brand":[],"product_cat":[587,586],"product_tag":[],"class_list":{"0":"post-3843","1":"product","2":"type-product","3":"status-publish","4":"has-post-thumbnail","6":"product_cat-heladeras-comerciales","7":"product_cat-heladeras-exhibidoras","9":"first","10":"instock","11":"purchasable","12":"product-type-simple"},"_links":{"self":[{"href":"https:\/\/bossi.com.ar\/site\/wp-json\/wp\/v2\/product\/3843","targetHints":{"allow":["GET"]}}],"collection":[{"href":"https:\/\/bossi.com.ar\/site\/wp-json\/wp\/v2\/product"}],"about":[{"href":"https:\/\/bossi.com.ar\/site\/wp-json\/wp\/v2\/types\/product"}],"replies":[{"embeddable":true,"href":"https:\/\/bossi.com.ar\/site\/wp-json\/wp\/v2\/comments?post=3843"}],"wp:featuredmedia":[{"embeddable":true,"href":"https:\/\/bossi.com.ar\/site\/wp-json\/wp\/v2\/media\/3842"}],"wp:attachment":[{"href":"https:\/\/bossi.com.ar\/site\/wp-json\/wp\/v2\/media?parent=3843"}],"wp:term":[{"taxonomy":"product_brand","embeddable":true,"href":"https:\/\/bossi.com.ar\/site\/wp-json\/wp\/v2\/product_brand?post=3843"},{"taxonomy":"product_cat","embeddable":true,"href":"https:\/\/bossi.com.ar\/site\/wp-json\/wp\/v2\/product_cat?post=3843"},{"taxonomy":"product_tag","embeddable":true,"href":"https:\/\/bossi.com.ar\/site\/wp-json\/wp\/v2\/product_tag?post=3843"}],"curies":[{"name":"wp","href":"https:\/\/api.w.org\/{rel}","templated":true}]}}