{"id":3866,"date":"2020-11-16T17:51:42","date_gmt":"2020-11-16T17:51:42","guid":{"rendered":"https:\/\/www.bossi.com.ar\/site\/?product=balanza-kretz-aura"},"modified":"2024-12-18T10:43:32","modified_gmt":"2024-12-18T13:43:32","slug":"balanza-kretz-aura","status":"publish","type":"product","link":"https:\/\/bossi.com.ar\/site\/producto\/balanza-kretz-aura\/","title":{"rendered":"Balanza Kretz Aura"},"content":{"rendered":"<p>Balanza electr\u00f2nica Kretz Aura 30 kg, con impresor t\u00e8rmico incorporado para papel continuo. Gran versatilidad para su negocio. 450 PLU. Bater\u00eca incorporada. Pesadora y contadora.<\/p>\n","protected":false},"excerpt":{"rendered":"<p>Balanza electr\u00f2nica Kretz Aura con impresor.<\/p>\n","protected":false},"featured_media":3867,"comment_status":"open","ping_status":"closed","template":"","meta":{"_et_pb_use_builder":"","_et_pb_old_content":"","_et_gb_content_width":""},"product_brand":[],"product_cat":[591],"product_tag":[],"class_list":{"0":"post-3866","1":"product","2":"type-product","3":"status-publish","4":"has-post-thumbnail","6":"product_cat-mostrador","8":"first","9":"instock","10":"purchasable","11":"product-type-simple"},"_links":{"self":[{"href":"https:\/\/bossi.com.ar\/site\/wp-json\/wp\/v2\/product\/3866","targetHints":{"allow":["GET"]}}],"collection":[{"href":"https:\/\/bossi.com.ar\/site\/wp-json\/wp\/v2\/product"}],"about":[{"href":"https:\/\/bossi.com.ar\/site\/wp-json\/wp\/v2\/types\/product"}],"replies":[{"embeddable":true,"href":"https:\/\/bossi.com.ar\/site\/wp-json\/wp\/v2\/comments?post=3866"}],"wp:featuredmedia":[{"embeddable":true,"href":"https:\/\/bossi.com.ar\/site\/wp-json\/wp\/v2\/media\/3867"}],"wp:attachment":[{"href":"https:\/\/bossi.com.ar\/site\/wp-json\/wp\/v2\/media?parent=3866"}],"wp:term":[{"taxonomy":"product_brand","embeddable":true,"href":"https:\/\/bossi.com.ar\/site\/wp-json\/wp\/v2\/product_brand?post=3866"},{"taxonomy":"product_cat","embeddable":true,"href":"https:\/\/bossi.com.ar\/site\/wp-json\/wp\/v2\/product_cat?post=3866"},{"taxonomy":"product_tag","embeddable":true,"href":"https:\/\/bossi.com.ar\/site\/wp-json\/wp\/v2\/product_tag?post=3866"}],"curies":[{"name":"wp","href":"https:\/\/api.w.org\/{rel}","templated":true}]}}