{"id":3868,"date":"2020-11-16T18:20:50","date_gmt":"2020-11-16T18:20:50","guid":{"rendered":"https:\/\/www.bossi.com.ar\/site\/?product=balanza-systel-cuora"},"modified":"2024-12-18T10:42:40","modified_gmt":"2024-12-18T13:42:40","slug":"balanza-systel-cuora","status":"publish","type":"product","link":"https:\/\/bossi.com.ar\/site\/producto\/balanza-systel-cuora\/","title":{"rendered":"Balanza Systel Cuora"},"content":{"rendered":"","protected":false},"excerpt":{"rendered":"<p>Balanza electr\u00f2nica Systel,15 \u00f2 30 kg modelo Cuora, con impresor t\u00e8rmico. Opci\u00f2n papel continuo \u00f2 etiquetas autoadhesivas.8000 PLU, 21 usuarios, bater\u00eca incorporada. La balanza mas completa del mercado, apuntada a supermercados, autoservicios, grandes tiendas, etc.<\/p>\n","protected":false},"featured_media":3869,"comment_status":"open","ping_status":"closed","template":"","meta":{"_et_pb_use_builder":"","_et_pb_old_content":"","_et_gb_content_width":""},"product_brand":[],"product_cat":[591],"product_tag":[],"class_list":{"0":"post-3868","1":"product","2":"type-product","3":"status-publish","4":"has-post-thumbnail","6":"product_cat-mostrador","8":"first","9":"instock","10":"purchasable","11":"product-type-simple"},"_links":{"self":[{"href":"https:\/\/bossi.com.ar\/site\/wp-json\/wp\/v2\/product\/3868","targetHints":{"allow":["GET"]}}],"collection":[{"href":"https:\/\/bossi.com.ar\/site\/wp-json\/wp\/v2\/product"}],"about":[{"href":"https:\/\/bossi.com.ar\/site\/wp-json\/wp\/v2\/types\/product"}],"replies":[{"embeddable":true,"href":"https:\/\/bossi.com.ar\/site\/wp-json\/wp\/v2\/comments?post=3868"}],"wp:featuredmedia":[{"embeddable":true,"href":"https:\/\/bossi.com.ar\/site\/wp-json\/wp\/v2\/media\/3869"}],"wp:attachment":[{"href":"https:\/\/bossi.com.ar\/site\/wp-json\/wp\/v2\/media?parent=3868"}],"wp:term":[{"taxonomy":"product_brand","embeddable":true,"href":"https:\/\/bossi.com.ar\/site\/wp-json\/wp\/v2\/product_brand?post=3868"},{"taxonomy":"product_cat","embeddable":true,"href":"https:\/\/bossi.com.ar\/site\/wp-json\/wp\/v2\/product_cat?post=3868"},{"taxonomy":"product_tag","embeddable":true,"href":"https:\/\/bossi.com.ar\/site\/wp-json\/wp\/v2\/product_tag?post=3868"}],"curies":[{"name":"wp","href":"https:\/\/api.w.org\/{rel}","templated":true}]}}