{"id":3872,"date":"2020-11-16T18:45:37","date_gmt":"2020-11-16T18:45:37","guid":{"rendered":"https:\/\/www.bossi.com.ar\/site\/?product=balanza-kretz-report"},"modified":"2024-12-18T10:40:31","modified_gmt":"2024-12-18T13:40:31","slug":"balanza-kretz-report","status":"publish","type":"product","link":"https:\/\/bossi.com.ar\/site\/producto\/balanza-kretz-report\/","title":{"rendered":"Balanza Kretz Report"},"content":{"rendered":"<p>Balanza electr\u00f2nica Kretz, modelo Report 15 kg, con impresor termico incorporado ( papel continuo \u00f2 etiquetas autoadhesivas ) 5000 PLU, conectividad por Bluetooth \u00f2 USB. Conexi\u00f2n a PC \u00f2 celular con la plataforma ITEGRA . Todas las funciones que necesita para su autoservicio \u00f3 supermercado.<\/p>\n","protected":false},"excerpt":{"rendered":"<p>Balanza electr\u00f2nica Kretz Report con impresor<\/p>\n","protected":false},"featured_media":3873,"comment_status":"open","ping_status":"closed","template":"","meta":{"_et_pb_use_builder":"","_et_pb_old_content":"","_et_gb_content_width":""},"product_brand":[],"product_cat":[591],"product_tag":[],"class_list":{"0":"post-3872","1":"product","2":"type-product","3":"status-publish","4":"has-post-thumbnail","6":"product_cat-mostrador","8":"first","9":"onbackorder","10":"purchasable","11":"product-type-simple"},"_links":{"self":[{"href":"https:\/\/bossi.com.ar\/site\/wp-json\/wp\/v2\/product\/3872","targetHints":{"allow":["GET"]}}],"collection":[{"href":"https:\/\/bossi.com.ar\/site\/wp-json\/wp\/v2\/product"}],"about":[{"href":"https:\/\/bossi.com.ar\/site\/wp-json\/wp\/v2\/types\/product"}],"replies":[{"embeddable":true,"href":"https:\/\/bossi.com.ar\/site\/wp-json\/wp\/v2\/comments?post=3872"}],"wp:featuredmedia":[{"embeddable":true,"href":"https:\/\/bossi.com.ar\/site\/wp-json\/wp\/v2\/media\/3873"}],"wp:attachment":[{"href":"https:\/\/bossi.com.ar\/site\/wp-json\/wp\/v2\/media?parent=3872"}],"wp:term":[{"taxonomy":"product_brand","embeddable":true,"href":"https:\/\/bossi.com.ar\/site\/wp-json\/wp\/v2\/product_brand?post=3872"},{"taxonomy":"product_cat","embeddable":true,"href":"https:\/\/bossi.com.ar\/site\/wp-json\/wp\/v2\/product_cat?post=3872"},{"taxonomy":"product_tag","embeddable":true,"href":"https:\/\/bossi.com.ar\/site\/wp-json\/wp\/v2\/product_tag?post=3872"}],"curies":[{"name":"wp","href":"https:\/\/api.w.org\/{rel}","templated":true}]}}