{"id":3940,"date":"2024-10-03T10:23:13","date_gmt":"2024-10-03T13:23:13","guid":{"rendered":"https:\/\/bossi.com.ar\/site\/?post_type=product&#038;p=3940"},"modified":"2024-10-03T10:23:19","modified_gmt":"2024-10-03T13:23:19","slug":"bascula-150-kg-plataforma-movil","status":"publish","type":"product","link":"https:\/\/bossi.com.ar\/site\/producto\/bascula-150-kg-plataforma-movil\/","title":{"rendered":"Bascula 150 Kg plataforma movil"},"content":{"rendered":"<p>Bascula electr\u00f3nica tipo industrial. Plataforma m\u00f3vil de 40&#215;40 \u00f3 60&#215;60 cm. Cabezal con cuerpo met\u00e1lico. Hecho en Argentina.<\/p>\n","protected":false},"excerpt":{"rendered":"<p>B\u00e1scula electr\u00f3nica industrial 150 kg.<\/p>\n","protected":false},"featured_media":3941,"comment_status":"closed","ping_status":"closed","template":"","meta":{"_et_pb_use_builder":"","_et_pb_old_content":"","_et_gb_content_width":""},"product_brand":[],"product_cat":[590,592],"product_tag":[],"class_list":{"0":"post-3940","1":"product","2":"type-product","3":"status-publish","4":"has-post-thumbnail","6":"product_cat-balanzas","7":"product_cat-basculas","9":"first","10":"instock","11":"shipping-taxable","12":"product-type-simple"},"_links":{"self":[{"href":"https:\/\/bossi.com.ar\/site\/wp-json\/wp\/v2\/product\/3940","targetHints":{"allow":["GET"]}}],"collection":[{"href":"https:\/\/bossi.com.ar\/site\/wp-json\/wp\/v2\/product"}],"about":[{"href":"https:\/\/bossi.com.ar\/site\/wp-json\/wp\/v2\/types\/product"}],"replies":[{"embeddable":true,"href":"https:\/\/bossi.com.ar\/site\/wp-json\/wp\/v2\/comments?post=3940"}],"wp:featuredmedia":[{"embeddable":true,"href":"https:\/\/bossi.com.ar\/site\/wp-json\/wp\/v2\/media\/3941"}],"wp:attachment":[{"href":"https:\/\/bossi.com.ar\/site\/wp-json\/wp\/v2\/media?parent=3940"}],"wp:term":[{"taxonomy":"product_brand","embeddable":true,"href":"https:\/\/bossi.com.ar\/site\/wp-json\/wp\/v2\/product_brand?post=3940"},{"taxonomy":"product_cat","embeddable":true,"href":"https:\/\/bossi.com.ar\/site\/wp-json\/wp\/v2\/product_cat?post=3940"},{"taxonomy":"product_tag","embeddable":true,"href":"https:\/\/bossi.com.ar\/site\/wp-json\/wp\/v2\/product_tag?post=3940"}],"curies":[{"name":"wp","href":"https:\/\/api.w.org\/{rel}","templated":true}]}}