{"id":3942,"date":"2024-10-03T11:53:33","date_gmt":"2024-10-03T14:53:33","guid":{"rendered":"https:\/\/bossi.com.ar\/site\/?post_type=product&#038;p=3942"},"modified":"2024-10-03T15:53:31","modified_gmt":"2024-10-03T18:53:31","slug":"balanza-moretti-15-kg-con-bateria","status":"publish","type":"product","link":"https:\/\/bossi.com.ar\/site\/producto\/balanza-moretti-15-kg-con-bateria\/","title":{"rendered":"Balanza Moretti 15 kg con bater\u00eda"},"content":{"rendered":"<p>Balanza electr\u00f3nica Moretti, capacidad 15 kg, 8 memorias, suma articulos. Incluye bater\u00eda por eventuales cortes de tensi\u00f3n.<\/p>\n","protected":false},"excerpt":{"rendered":"<p>Balanza Moretti 15 kg con bater\u00eda<\/p>\n","protected":false},"featured_media":3943,"comment_status":"closed","ping_status":"closed","template":"","meta":{"_et_pb_use_builder":"","_et_pb_old_content":"","_et_gb_content_width":""},"product_brand":[],"product_cat":[590,591],"product_tag":[],"class_list":{"0":"post-3942","1":"product","2":"type-product","3":"status-publish","4":"has-post-thumbnail","6":"product_cat-balanzas","7":"product_cat-mostrador","9":"first","10":"instock","11":"shipping-taxable","12":"product-type-simple"},"_links":{"self":[{"href":"https:\/\/bossi.com.ar\/site\/wp-json\/wp\/v2\/product\/3942","targetHints":{"allow":["GET"]}}],"collection":[{"href":"https:\/\/bossi.com.ar\/site\/wp-json\/wp\/v2\/product"}],"about":[{"href":"https:\/\/bossi.com.ar\/site\/wp-json\/wp\/v2\/types\/product"}],"replies":[{"embeddable":true,"href":"https:\/\/bossi.com.ar\/site\/wp-json\/wp\/v2\/comments?post=3942"}],"wp:featuredmedia":[{"embeddable":true,"href":"https:\/\/bossi.com.ar\/site\/wp-json\/wp\/v2\/media\/3943"}],"wp:attachment":[{"href":"https:\/\/bossi.com.ar\/site\/wp-json\/wp\/v2\/media?parent=3942"}],"wp:term":[{"taxonomy":"product_brand","embeddable":true,"href":"https:\/\/bossi.com.ar\/site\/wp-json\/wp\/v2\/product_brand?post=3942"},{"taxonomy":"product_cat","embeddable":true,"href":"https:\/\/bossi.com.ar\/site\/wp-json\/wp\/v2\/product_cat?post=3942"},{"taxonomy":"product_tag","embeddable":true,"href":"https:\/\/bossi.com.ar\/site\/wp-json\/wp\/v2\/product_tag?post=3942"}],"curies":[{"name":"wp","href":"https:\/\/api.w.org\/{rel}","templated":true}]}}