{"id":3944,"date":"2024-10-03T12:03:12","date_gmt":"2024-10-03T15:03:12","guid":{"rendered":"https:\/\/bossi.com.ar\/site\/?post_type=product&#038;p=3944"},"modified":"2024-10-03T15:54:16","modified_gmt":"2024-10-03T18:54:16","slug":"balanza-kretz-lura","status":"publish","type":"product","link":"https:\/\/bossi.com.ar\/site\/producto\/balanza-kretz-lura\/","title":{"rendered":"Balanza Kretz Lura"},"content":{"rendered":"<p>Balanza Kretz Lura, 30 kg, con bater\u00eda. Visor bajo, calculo, cero y tara. Una balanza b\u00e1sica con la garant\u00eda de Kretz Argentina.<\/p>\n","protected":false},"excerpt":{"rendered":"<p>Balanza Kretz Lura, 30 kg, con bater\u00eda.<\/p>\n","protected":false},"featured_media":3945,"comment_status":"closed","ping_status":"closed","template":"","meta":{"_et_pb_use_builder":"","_et_pb_old_content":"","_et_gb_content_width":""},"product_brand":[],"product_cat":[590,591],"product_tag":[],"class_list":{"0":"post-3944","1":"product","2":"type-product","3":"status-publish","4":"has-post-thumbnail","6":"product_cat-balanzas","7":"product_cat-mostrador","9":"first","10":"instock","11":"shipping-taxable","12":"product-type-simple"},"_links":{"self":[{"href":"https:\/\/bossi.com.ar\/site\/wp-json\/wp\/v2\/product\/3944","targetHints":{"allow":["GET"]}}],"collection":[{"href":"https:\/\/bossi.com.ar\/site\/wp-json\/wp\/v2\/product"}],"about":[{"href":"https:\/\/bossi.com.ar\/site\/wp-json\/wp\/v2\/types\/product"}],"replies":[{"embeddable":true,"href":"https:\/\/bossi.com.ar\/site\/wp-json\/wp\/v2\/comments?post=3944"}],"wp:featuredmedia":[{"embeddable":true,"href":"https:\/\/bossi.com.ar\/site\/wp-json\/wp\/v2\/media\/3945"}],"wp:attachment":[{"href":"https:\/\/bossi.com.ar\/site\/wp-json\/wp\/v2\/media?parent=3944"}],"wp:term":[{"taxonomy":"product_brand","embeddable":true,"href":"https:\/\/bossi.com.ar\/site\/wp-json\/wp\/v2\/product_brand?post=3944"},{"taxonomy":"product_cat","embeddable":true,"href":"https:\/\/bossi.com.ar\/site\/wp-json\/wp\/v2\/product_cat?post=3944"},{"taxonomy":"product_tag","embeddable":true,"href":"https:\/\/bossi.com.ar\/site\/wp-json\/wp\/v2\/product_tag?post=3944"}],"curies":[{"name":"wp","href":"https:\/\/api.w.org\/{rel}","templated":true}]}}