{"id":3953,"date":"2024-10-03T16:09:15","date_gmt":"2024-10-03T19:09:15","guid":{"rendered":"https:\/\/bossi.com.ar\/site\/?post_type=product&#038;p=3953"},"modified":"2024-10-03T16:09:15","modified_gmt":"2024-10-03T19:09:15","slug":"cortadora-de-fiambres-systel-330","status":"publish","type":"product","link":"https:\/\/bossi.com.ar\/site\/producto\/cortadora-de-fiambres-systel-330\/","title":{"rendered":"Cortadora de fiambres Systel 330"},"content":{"rendered":"<p>Cortadora de fiambres Systel, modelo 330. Construida en acero inoxidable y aluminio. Robusta, confiable, ideal para su comercio gastron\u00f3mico, almac\u00e9n, fiambrer\u00eda.<\/p>\n","protected":false},"excerpt":{"rendered":"<p>Cortadora de fiambres Systel, modelo 330<\/p>\n","protected":false},"featured_media":3954,"comment_status":"closed","ping_status":"closed","template":"","meta":{"_et_pb_use_builder":"","_et_pb_old_content":"","_et_gb_content_width":""},"product_brand":[],"product_cat":[593],"product_tag":[],"class_list":{"0":"post-3953","1":"product","2":"type-product","3":"status-publish","4":"has-post-thumbnail","6":"product_cat-cortadoras-y-picadoras","8":"first","9":"instock","10":"shipping-taxable","11":"product-type-simple"},"_links":{"self":[{"href":"https:\/\/bossi.com.ar\/site\/wp-json\/wp\/v2\/product\/3953","targetHints":{"allow":["GET"]}}],"collection":[{"href":"https:\/\/bossi.com.ar\/site\/wp-json\/wp\/v2\/product"}],"about":[{"href":"https:\/\/bossi.com.ar\/site\/wp-json\/wp\/v2\/types\/product"}],"replies":[{"embeddable":true,"href":"https:\/\/bossi.com.ar\/site\/wp-json\/wp\/v2\/comments?post=3953"}],"wp:featuredmedia":[{"embeddable":true,"href":"https:\/\/bossi.com.ar\/site\/wp-json\/wp\/v2\/media\/3954"}],"wp:attachment":[{"href":"https:\/\/bossi.com.ar\/site\/wp-json\/wp\/v2\/media?parent=3953"}],"wp:term":[{"taxonomy":"product_brand","embeddable":true,"href":"https:\/\/bossi.com.ar\/site\/wp-json\/wp\/v2\/product_brand?post=3953"},{"taxonomy":"product_cat","embeddable":true,"href":"https:\/\/bossi.com.ar\/site\/wp-json\/wp\/v2\/product_cat?post=3953"},{"taxonomy":"product_tag","embeddable":true,"href":"https:\/\/bossi.com.ar\/site\/wp-json\/wp\/v2\/product_tag?post=3953"}],"curies":[{"name":"wp","href":"https:\/\/api.w.org\/{rel}","templated":true}]}}