{"id":3961,"date":"2024-10-03T16:27:17","date_gmt":"2024-10-03T19:27:17","guid":{"rendered":"https:\/\/bossi.com.ar\/site\/?post_type=product&#038;p=3961"},"modified":"2024-10-03T16:27:40","modified_gmt":"2024-10-03T19:27:40","slug":"picadora-de-carne-fl-42","status":"publish","type":"product","link":"https:\/\/bossi.com.ar\/site\/producto\/picadora-de-carne-fl-42\/","title":{"rendered":"Picadora de carne FL 42"},"content":{"rendered":"<p>Picadora de carne FL modelo 42. Motorizaci\u00f3n de varias opciones, desde 3 hp. Carcaza de acero inoxidable. Ideal frigor\u00edficos, hamburgueser\u00edas, chancher\u00edas.<\/p>\n","protected":false},"excerpt":{"rendered":"<p>Picadora de carne FL modelo 42<\/p>\n","protected":false},"featured_media":3962,"comment_status":"closed","ping_status":"closed","template":"","meta":{"_et_pb_use_builder":"","_et_pb_old_content":"","_et_gb_content_width":""},"product_brand":[],"product_cat":[593],"product_tag":[],"class_list":{"0":"post-3961","1":"product","2":"type-product","3":"status-publish","4":"has-post-thumbnail","6":"product_cat-cortadoras-y-picadoras","8":"first","9":"instock","10":"shipping-taxable","11":"product-type-simple"},"_links":{"self":[{"href":"https:\/\/bossi.com.ar\/site\/wp-json\/wp\/v2\/product\/3961","targetHints":{"allow":["GET"]}}],"collection":[{"href":"https:\/\/bossi.com.ar\/site\/wp-json\/wp\/v2\/product"}],"about":[{"href":"https:\/\/bossi.com.ar\/site\/wp-json\/wp\/v2\/types\/product"}],"replies":[{"embeddable":true,"href":"https:\/\/bossi.com.ar\/site\/wp-json\/wp\/v2\/comments?post=3961"}],"wp:featuredmedia":[{"embeddable":true,"href":"https:\/\/bossi.com.ar\/site\/wp-json\/wp\/v2\/media\/3962"}],"wp:attachment":[{"href":"https:\/\/bossi.com.ar\/site\/wp-json\/wp\/v2\/media?parent=3961"}],"wp:term":[{"taxonomy":"product_brand","embeddable":true,"href":"https:\/\/bossi.com.ar\/site\/wp-json\/wp\/v2\/product_brand?post=3961"},{"taxonomy":"product_cat","embeddable":true,"href":"https:\/\/bossi.com.ar\/site\/wp-json\/wp\/v2\/product_cat?post=3961"},{"taxonomy":"product_tag","embeddable":true,"href":"https:\/\/bossi.com.ar\/site\/wp-json\/wp\/v2\/product_tag?post=3961"}],"curies":[{"name":"wp","href":"https:\/\/api.w.org\/{rel}","templated":true}]}}