{"id":3969,"date":"2024-10-04T09:59:46","date_gmt":"2024-10-04T12:59:46","guid":{"rendered":"https:\/\/bossi.com.ar\/site\/?post_type=product&#038;p=3969"},"modified":"2024-10-04T10:01:15","modified_gmt":"2024-10-04T13:01:15","slug":"cocina-morelli-55-cm","status":"publish","type":"product","link":"https:\/\/bossi.com.ar\/site\/producto\/cocina-morelli-55-cm\/","title":{"rendered":"Cocina Morelli 4 hornallas y horno."},"content":{"rendered":"<p>Cocina Morelli, 4 hornallas de fundici\u00f3n y horno refractario. Opci\u00f3n de puerta ciega \u00f3 visor. Una linea semiindustrial econ\u00f3mica y rendidora. Medidas: 55 x 62&#215;85 cm<\/p>\n","protected":false},"excerpt":{"rendered":"<p>Cocina Morelli 4 hornallas y horno.<\/p>\n","protected":false},"featured_media":3970,"comment_status":"closed","ping_status":"closed","template":"","meta":{"_et_pb_use_builder":"","_et_pb_old_content":"","_et_gb_content_width":""},"product_brand":[],"product_cat":[578,579],"product_tag":[],"class_list":{"0":"post-3969","1":"product","2":"type-product","3":"status-publish","4":"has-post-thumbnail","6":"product_cat-coccion","7":"product_cat-cocinas","9":"first","10":"instock","11":"shipping-taxable","12":"product-type-simple"},"_links":{"self":[{"href":"https:\/\/bossi.com.ar\/site\/wp-json\/wp\/v2\/product\/3969","targetHints":{"allow":["GET"]}}],"collection":[{"href":"https:\/\/bossi.com.ar\/site\/wp-json\/wp\/v2\/product"}],"about":[{"href":"https:\/\/bossi.com.ar\/site\/wp-json\/wp\/v2\/types\/product"}],"replies":[{"embeddable":true,"href":"https:\/\/bossi.com.ar\/site\/wp-json\/wp\/v2\/comments?post=3969"}],"wp:featuredmedia":[{"embeddable":true,"href":"https:\/\/bossi.com.ar\/site\/wp-json\/wp\/v2\/media\/3970"}],"wp:attachment":[{"href":"https:\/\/bossi.com.ar\/site\/wp-json\/wp\/v2\/media?parent=3969"}],"wp:term":[{"taxonomy":"product_brand","embeddable":true,"href":"https:\/\/bossi.com.ar\/site\/wp-json\/wp\/v2\/product_brand?post=3969"},{"taxonomy":"product_cat","embeddable":true,"href":"https:\/\/bossi.com.ar\/site\/wp-json\/wp\/v2\/product_cat?post=3969"},{"taxonomy":"product_tag","embeddable":true,"href":"https:\/\/bossi.com.ar\/site\/wp-json\/wp\/v2\/product_tag?post=3969"}],"curies":[{"name":"wp","href":"https:\/\/api.w.org\/{rel}","templated":true}]}}