{"id":3973,"date":"2024-10-04T10:06:46","date_gmt":"2024-10-04T13:06:46","guid":{"rendered":"https:\/\/bossi.com.ar\/site\/?post_type=product&#038;p=3973"},"modified":"2024-10-04T10:06:46","modified_gmt":"2024-10-04T13:06:46","slug":"cocina-morelli-multiple","status":"publish","type":"product","link":"https:\/\/bossi.com.ar\/site\/producto\/cocina-morelli-multiple\/","title":{"rendered":"Cocina Morelli m\u00faltiple"},"content":{"rendered":"<p>Cocina Morelli, modelo m\u00faltiple. 4 hornallas de fundici\u00f3n, plancha lisa, tostador y horno refractario. Todo lo que necesitas para tu casa o local gastron\u00f3mico. Medidas: 82x62x85 cm.<\/p>\n","protected":false},"excerpt":{"rendered":"<p>Cocina Morelli, modelo m\u00faltiple<\/p>\n","protected":false},"featured_media":3974,"comment_status":"closed","ping_status":"closed","template":"","meta":{"_et_pb_use_builder":"","_et_pb_old_content":"","_et_gb_content_width":""},"product_brand":[],"product_cat":[578,579],"product_tag":[],"class_list":{"0":"post-3973","1":"product","2":"type-product","3":"status-publish","4":"has-post-thumbnail","6":"product_cat-coccion","7":"product_cat-cocinas","9":"first","10":"instock","11":"shipping-taxable","12":"product-type-simple"},"_links":{"self":[{"href":"https:\/\/bossi.com.ar\/site\/wp-json\/wp\/v2\/product\/3973","targetHints":{"allow":["GET"]}}],"collection":[{"href":"https:\/\/bossi.com.ar\/site\/wp-json\/wp\/v2\/product"}],"about":[{"href":"https:\/\/bossi.com.ar\/site\/wp-json\/wp\/v2\/types\/product"}],"replies":[{"embeddable":true,"href":"https:\/\/bossi.com.ar\/site\/wp-json\/wp\/v2\/comments?post=3973"}],"wp:featuredmedia":[{"embeddable":true,"href":"https:\/\/bossi.com.ar\/site\/wp-json\/wp\/v2\/media\/3974"}],"wp:attachment":[{"href":"https:\/\/bossi.com.ar\/site\/wp-json\/wp\/v2\/media?parent=3973"}],"wp:term":[{"taxonomy":"product_brand","embeddable":true,"href":"https:\/\/bossi.com.ar\/site\/wp-json\/wp\/v2\/product_brand?post=3973"},{"taxonomy":"product_cat","embeddable":true,"href":"https:\/\/bossi.com.ar\/site\/wp-json\/wp\/v2\/product_cat?post=3973"},{"taxonomy":"product_tag","embeddable":true,"href":"https:\/\/bossi.com.ar\/site\/wp-json\/wp\/v2\/product_tag?post=3973"}],"curies":[{"name":"wp","href":"https:\/\/api.w.org\/{rel}","templated":true}]}}