{"id":3980,"date":"2024-10-04T10:20:24","date_gmt":"2024-10-04T13:20:24","guid":{"rendered":"https:\/\/bossi.com.ar\/site\/?post_type=product&#038;p=3980"},"modified":"2024-10-04T10:20:24","modified_gmt":"2024-10-04T13:20:24","slug":"cocina-depaolo-4-hornallas-y-horno","status":"publish","type":"product","link":"https:\/\/bossi.com.ar\/site\/producto\/cocina-depaolo-4-hornallas-y-horno\/","title":{"rendered":"Cocina Depaolo 4 hornallas y horno."},"content":{"rendered":"<p>Cocina Depaolo, 4 hornallas de fundici\u00f3n y horno refractario. Revestida en acero inoxidable exterior, enlozado interior. Una cocina cl\u00e1sica, de una marca cl\u00e1sica en el mercado. Medidas: 57x62x85 cm<\/p>\n","protected":false},"excerpt":{"rendered":"<p>Cocina Depaolo 4 hornallas y horno.<\/p>\n","protected":false},"featured_media":3981,"comment_status":"closed","ping_status":"closed","template":"","meta":{"_et_pb_use_builder":"","_et_pb_old_content":"","_et_gb_content_width":""},"product_brand":[],"product_cat":[578,579],"product_tag":[],"class_list":{"0":"post-3980","1":"product","2":"type-product","3":"status-publish","4":"has-post-thumbnail","6":"product_cat-coccion","7":"product_cat-cocinas","9":"first","10":"instock","11":"shipping-taxable","12":"product-type-simple"},"_links":{"self":[{"href":"https:\/\/bossi.com.ar\/site\/wp-json\/wp\/v2\/product\/3980","targetHints":{"allow":["GET"]}}],"collection":[{"href":"https:\/\/bossi.com.ar\/site\/wp-json\/wp\/v2\/product"}],"about":[{"href":"https:\/\/bossi.com.ar\/site\/wp-json\/wp\/v2\/types\/product"}],"replies":[{"embeddable":true,"href":"https:\/\/bossi.com.ar\/site\/wp-json\/wp\/v2\/comments?post=3980"}],"wp:featuredmedia":[{"embeddable":true,"href":"https:\/\/bossi.com.ar\/site\/wp-json\/wp\/v2\/media\/3981"}],"wp:attachment":[{"href":"https:\/\/bossi.com.ar\/site\/wp-json\/wp\/v2\/media?parent=3980"}],"wp:term":[{"taxonomy":"product_brand","embeddable":true,"href":"https:\/\/bossi.com.ar\/site\/wp-json\/wp\/v2\/product_brand?post=3980"},{"taxonomy":"product_cat","embeddable":true,"href":"https:\/\/bossi.com.ar\/site\/wp-json\/wp\/v2\/product_cat?post=3980"},{"taxonomy":"product_tag","embeddable":true,"href":"https:\/\/bossi.com.ar\/site\/wp-json\/wp\/v2\/product_tag?post=3980"}],"curies":[{"name":"wp","href":"https:\/\/api.w.org\/{rel}","templated":true}]}}