{"id":4007,"date":"2024-10-04T15:20:32","date_gmt":"2024-10-04T18:20:32","guid":{"rendered":"https:\/\/bossi.com.ar\/site\/?post_type=product&#038;p=4007"},"modified":"2024-10-04T15:26:08","modified_gmt":"2024-10-04T18:26:08","slug":"cocina-cf90-5-hornallas-y-horno","status":"publish","type":"product","link":"https:\/\/bossi.com.ar\/site\/producto\/cocina-cf90-5-hornallas-y-horno\/","title":{"rendered":"Cocina CF90 5 hornallas y horno."},"content":{"rendered":"<p>Cocina CF90 5 hornallas de fundici\u00f3n y horno refractario. \u00edntegramente construida en acero inoxidable. Excelente aislaci\u00f3n y delicada terminaci\u00f3n. La cocina ideal para tu quincho, casa de campo, country , casa de veraneo. Medidas: 90x62x85 cm.<\/p>\n","protected":false},"excerpt":{"rendered":"<p>Cocina CF90 5 hornallas<\/p>\n","protected":false},"featured_media":4009,"comment_status":"closed","ping_status":"closed","template":"","meta":{"_et_pb_use_builder":"","_et_pb_old_content":"","_et_gb_content_width":""},"product_brand":[],"product_cat":[578,579],"product_tag":[],"class_list":{"0":"post-4007","1":"product","2":"type-product","3":"status-publish","4":"has-post-thumbnail","6":"product_cat-coccion","7":"product_cat-cocinas","9":"first","10":"instock","11":"shipping-taxable","12":"product-type-simple"},"_links":{"self":[{"href":"https:\/\/bossi.com.ar\/site\/wp-json\/wp\/v2\/product\/4007","targetHints":{"allow":["GET"]}}],"collection":[{"href":"https:\/\/bossi.com.ar\/site\/wp-json\/wp\/v2\/product"}],"about":[{"href":"https:\/\/bossi.com.ar\/site\/wp-json\/wp\/v2\/types\/product"}],"replies":[{"embeddable":true,"href":"https:\/\/bossi.com.ar\/site\/wp-json\/wp\/v2\/comments?post=4007"}],"wp:featuredmedia":[{"embeddable":true,"href":"https:\/\/bossi.com.ar\/site\/wp-json\/wp\/v2\/media\/4009"}],"wp:attachment":[{"href":"https:\/\/bossi.com.ar\/site\/wp-json\/wp\/v2\/media?parent=4007"}],"wp:term":[{"taxonomy":"product_brand","embeddable":true,"href":"https:\/\/bossi.com.ar\/site\/wp-json\/wp\/v2\/product_brand?post=4007"},{"taxonomy":"product_cat","embeddable":true,"href":"https:\/\/bossi.com.ar\/site\/wp-json\/wp\/v2\/product_cat?post=4007"},{"taxonomy":"product_tag","embeddable":true,"href":"https:\/\/bossi.com.ar\/site\/wp-json\/wp\/v2\/product_tag?post=4007"}],"curies":[{"name":"wp","href":"https:\/\/api.w.org\/{rel}","templated":true}]}}