{"id":4012,"date":"2024-10-04T16:46:02","date_gmt":"2024-10-04T19:46:02","guid":{"rendered":"https:\/\/bossi.com.ar\/site\/?post_type=product&#038;p=4012"},"modified":"2024-10-04T16:46:09","modified_gmt":"2024-10-04T19:46:09","slug":"cocina-ch90-5-hornallas-y-horno","status":"publish","type":"product","link":"https:\/\/bossi.com.ar\/site\/producto\/cocina-ch90-5-hornallas-y-horno\/","title":{"rendered":"Cocina CH90 5 hornallas y horno."},"content":{"rendered":"<p>Cocina CH90 5 hornallas de fundici\u00f3n y horno visor refractario. Encendido electr\u00f3nico en horno. \u00cdntegramente construida en acero inoxidable con detalles en color negro. Excelente calidad y terminaciones. Cocina en tu casa como un verdadero chef. Medidas: 90x62x85 cm.<\/p>\n","protected":false},"excerpt":{"rendered":"<p>Cocina CH90 5 hornallas y horno.<\/p>\n","protected":false},"featured_media":4013,"comment_status":"closed","ping_status":"closed","template":"","meta":{"_et_pb_use_builder":"","_et_pb_old_content":"","_et_gb_content_width":""},"product_brand":[],"product_cat":[578,579],"product_tag":[],"class_list":{"0":"post-4012","1":"product","2":"type-product","3":"status-publish","4":"has-post-thumbnail","6":"product_cat-coccion","7":"product_cat-cocinas","9":"first","10":"instock","11":"shipping-taxable","12":"product-type-simple"},"_links":{"self":[{"href":"https:\/\/bossi.com.ar\/site\/wp-json\/wp\/v2\/product\/4012","targetHints":{"allow":["GET"]}}],"collection":[{"href":"https:\/\/bossi.com.ar\/site\/wp-json\/wp\/v2\/product"}],"about":[{"href":"https:\/\/bossi.com.ar\/site\/wp-json\/wp\/v2\/types\/product"}],"replies":[{"embeddable":true,"href":"https:\/\/bossi.com.ar\/site\/wp-json\/wp\/v2\/comments?post=4012"}],"wp:featuredmedia":[{"embeddable":true,"href":"https:\/\/bossi.com.ar\/site\/wp-json\/wp\/v2\/media\/4013"}],"wp:attachment":[{"href":"https:\/\/bossi.com.ar\/site\/wp-json\/wp\/v2\/media?parent=4012"}],"wp:term":[{"taxonomy":"product_brand","embeddable":true,"href":"https:\/\/bossi.com.ar\/site\/wp-json\/wp\/v2\/product_brand?post=4012"},{"taxonomy":"product_cat","embeddable":true,"href":"https:\/\/bossi.com.ar\/site\/wp-json\/wp\/v2\/product_cat?post=4012"},{"taxonomy":"product_tag","embeddable":true,"href":"https:\/\/bossi.com.ar\/site\/wp-json\/wp\/v2\/product_tag?post=4012"}],"curies":[{"name":"wp","href":"https:\/\/api.w.org\/{rel}","templated":true}]}}