{"id":4014,"date":"2024-10-04T16:58:16","date_gmt":"2024-10-04T19:58:16","guid":{"rendered":"https:\/\/bossi.com.ar\/site\/?post_type=product&#038;p=4014"},"modified":"2024-10-04T16:58:40","modified_gmt":"2024-10-04T19:58:40","slug":"parrilla-a-gas-profesional","status":"publish","type":"product","link":"https:\/\/bossi.com.ar\/site\/producto\/parrilla-a-gas-profesional\/","title":{"rendered":"Parrilla a gas profesional."},"content":{"rendered":"<p>Parrilla a gas linea profesional. Gabinete construido en acero inoxidable, plano de cocci\u00f3n enlozado en V doble. Nido de fundici\u00f3n para quema de gases y mejor difusi\u00f3n del calor. Valvula de seguridad. Disponible en 35, 60, 90 y 1.200 cm. La mejor opci\u00f3n para su hogar, tanto como \u00fanica opci\u00f3n \u00f3 agregado a su cl\u00e1sica parrilla a carb\u00f3n.<\/p>\n","protected":false},"excerpt":{"rendered":"<p>Parrilla a gas profesional.<\/p>\n","protected":false},"featured_media":4015,"comment_status":"closed","ping_status":"closed","template":"","meta":{"_et_pb_use_builder":"","_et_pb_old_content":"","_et_gb_content_width":""},"product_brand":[],"product_cat":[578,583],"product_tag":[],"class_list":{"0":"post-4014","1":"product","2":"type-product","3":"status-publish","4":"has-post-thumbnail","6":"product_cat-coccion","7":"product_cat-parrillas","9":"first","10":"instock","11":"shipping-taxable","12":"product-type-simple"},"_links":{"self":[{"href":"https:\/\/bossi.com.ar\/site\/wp-json\/wp\/v2\/product\/4014","targetHints":{"allow":["GET"]}}],"collection":[{"href":"https:\/\/bossi.com.ar\/site\/wp-json\/wp\/v2\/product"}],"about":[{"href":"https:\/\/bossi.com.ar\/site\/wp-json\/wp\/v2\/types\/product"}],"replies":[{"embeddable":true,"href":"https:\/\/bossi.com.ar\/site\/wp-json\/wp\/v2\/comments?post=4014"}],"wp:featuredmedia":[{"embeddable":true,"href":"https:\/\/bossi.com.ar\/site\/wp-json\/wp\/v2\/media\/4015"}],"wp:attachment":[{"href":"https:\/\/bossi.com.ar\/site\/wp-json\/wp\/v2\/media?parent=4014"}],"wp:term":[{"taxonomy":"product_brand","embeddable":true,"href":"https:\/\/bossi.com.ar\/site\/wp-json\/wp\/v2\/product_brand?post=4014"},{"taxonomy":"product_cat","embeddable":true,"href":"https:\/\/bossi.com.ar\/site\/wp-json\/wp\/v2\/product_cat?post=4014"},{"taxonomy":"product_tag","embeddable":true,"href":"https:\/\/bossi.com.ar\/site\/wp-json\/wp\/v2\/product_tag?post=4014"}],"curies":[{"name":"wp","href":"https:\/\/api.w.org\/{rel}","templated":true}]}}