{"id":4018,"date":"2024-10-04T17:07:32","date_gmt":"2024-10-04T20:07:32","guid":{"rendered":"https:\/\/bossi.com.ar\/site\/?post_type=product&#038;p=4018"},"modified":"2024-10-04T17:07:32","modified_gmt":"2024-10-04T20:07:32","slug":"freidor-automatico-alta-recuperacion","status":"publish","type":"product","link":"https:\/\/bossi.com.ar\/site\/producto\/freidor-automatico-alta-recuperacion\/","title":{"rendered":"Freidor autom\u00e1tico alta recuperaci\u00f3n."},"content":{"rendered":"<p>Freidor autom\u00e1tico 27 lts de aceite, alta recuperaci\u00f3n. Provisto de v\u00e1lvula MINISIT Italy de excelente calidad, para regulaci\u00f3n de temperatura. \u00cdntegramente construida en acero inoxidable 1.5 mm. Dos canastos esta\u00f1ados. Desagote con exclusa inferior. Lo que un comercio gastron\u00f3mico necesita para triunfar.<\/p>\n","protected":false},"excerpt":{"rendered":"<p>Freidor autom\u00e1tico alta recuperaci\u00f3n.<\/p>\n","protected":false},"featured_media":4019,"comment_status":"closed","ping_status":"closed","template":"","meta":{"_et_pb_use_builder":"","_et_pb_old_content":"","_et_gb_content_width":""},"product_brand":[],"product_cat":[578,582],"product_tag":[],"class_list":{"0":"post-4018","1":"product","2":"type-product","3":"status-publish","4":"has-post-thumbnail","6":"product_cat-coccion","7":"product_cat-freidoras","9":"first","10":"instock","11":"shipping-taxable","12":"product-type-simple"},"_links":{"self":[{"href":"https:\/\/bossi.com.ar\/site\/wp-json\/wp\/v2\/product\/4018","targetHints":{"allow":["GET"]}}],"collection":[{"href":"https:\/\/bossi.com.ar\/site\/wp-json\/wp\/v2\/product"}],"about":[{"href":"https:\/\/bossi.com.ar\/site\/wp-json\/wp\/v2\/types\/product"}],"replies":[{"embeddable":true,"href":"https:\/\/bossi.com.ar\/site\/wp-json\/wp\/v2\/comments?post=4018"}],"wp:featuredmedia":[{"embeddable":true,"href":"https:\/\/bossi.com.ar\/site\/wp-json\/wp\/v2\/media\/4019"}],"wp:attachment":[{"href":"https:\/\/bossi.com.ar\/site\/wp-json\/wp\/v2\/media?parent=4018"}],"wp:term":[{"taxonomy":"product_brand","embeddable":true,"href":"https:\/\/bossi.com.ar\/site\/wp-json\/wp\/v2\/product_brand?post=4018"},{"taxonomy":"product_cat","embeddable":true,"href":"https:\/\/bossi.com.ar\/site\/wp-json\/wp\/v2\/product_cat?post=4018"},{"taxonomy":"product_tag","embeddable":true,"href":"https:\/\/bossi.com.ar\/site\/wp-json\/wp\/v2\/product_tag?post=4018"}],"curies":[{"name":"wp","href":"https:\/\/api.w.org\/{rel}","templated":true}]}}