{"id":4035,"date":"2024-10-11T10:29:14","date_gmt":"2024-10-11T13:29:14","guid":{"rendered":"https:\/\/bossi.com.ar\/site\/?post_type=product&#038;p=4035"},"modified":"2024-10-11T10:29:28","modified_gmt":"2024-10-11T13:29:28","slug":"anafe-estructural","status":"publish","type":"product","link":"https:\/\/bossi.com.ar\/site\/producto\/anafe-estructural\/","title":{"rendered":"Anafe estructural."},"content":{"rendered":"<p>Anafe estructural, linea ECO, disponible en 1, 2 y 4 hornallas. Por pedido de 4 y plancha o lo que necesite. Fabricados en ca\u00f1o cuadrado de hierro, hornallas con quemador en fundici\u00f3n. Simple pero muy efectivo !!! Una opci\u00f3n econ\u00f3mica para arrancar.<\/p>\n","protected":false},"excerpt":{"rendered":"<p>Anafe estructural.<\/p>\n","protected":false},"featured_media":4036,"comment_status":"closed","ping_status":"closed","template":"","meta":{"_et_pb_use_builder":"","_et_pb_old_content":"","_et_gb_content_width":""},"product_brand":[],"product_cat":[581,578],"product_tag":[],"class_list":{"0":"post-4035","1":"product","2":"type-product","3":"status-publish","4":"has-post-thumbnail","6":"product_cat-anafes","7":"product_cat-coccion","9":"first","10":"instock","11":"shipping-taxable","12":"product-type-simple"},"_links":{"self":[{"href":"https:\/\/bossi.com.ar\/site\/wp-json\/wp\/v2\/product\/4035","targetHints":{"allow":["GET"]}}],"collection":[{"href":"https:\/\/bossi.com.ar\/site\/wp-json\/wp\/v2\/product"}],"about":[{"href":"https:\/\/bossi.com.ar\/site\/wp-json\/wp\/v2\/types\/product"}],"replies":[{"embeddable":true,"href":"https:\/\/bossi.com.ar\/site\/wp-json\/wp\/v2\/comments?post=4035"}],"wp:featuredmedia":[{"embeddable":true,"href":"https:\/\/bossi.com.ar\/site\/wp-json\/wp\/v2\/media\/4036"}],"wp:attachment":[{"href":"https:\/\/bossi.com.ar\/site\/wp-json\/wp\/v2\/media?parent=4035"}],"wp:term":[{"taxonomy":"product_brand","embeddable":true,"href":"https:\/\/bossi.com.ar\/site\/wp-json\/wp\/v2\/product_brand?post=4035"},{"taxonomy":"product_cat","embeddable":true,"href":"https:\/\/bossi.com.ar\/site\/wp-json\/wp\/v2\/product_cat?post=4035"},{"taxonomy":"product_tag","embeddable":true,"href":"https:\/\/bossi.com.ar\/site\/wp-json\/wp\/v2\/product_tag?post=4035"}],"curies":[{"name":"wp","href":"https:\/\/api.w.org\/{rel}","templated":true}]}}