{"id":4049,"date":"2024-12-18T14:43:18","date_gmt":"2024-12-18T17:43:18","guid":{"rendered":"https:\/\/bossi.com.ar\/site\/?post_type=product&#038;p=4049"},"modified":"2024-12-18T14:43:29","modified_gmt":"2024-12-18T17:43:29","slug":"anafe-dp-6-hornallas-con-base","status":"publish","type":"product","link":"https:\/\/bossi.com.ar\/site\/producto\/anafe-dp-6-hornallas-con-base\/","title":{"rendered":"Anafe DP 6 hornallas con base."},"content":{"rendered":"<p>Anafe 6 hornallas con base. Quemadores chicos y grandes en fundici\u00f3n de aluminio. Rejas de alambre zincado \u00f3 fundici\u00f3n de hierro. Bandeja de derrame. Revestido exteriormente en acero inoxidable. Uso semi industrial. Ideal para todo comercio gastron\u00f3mico. Disponible en 2, 4 y 6 hornallas.<\/p>\n","protected":false},"excerpt":{"rendered":"<p>Anafe DP 6 hornallas con base<\/p>\n","protected":false},"featured_media":4041,"comment_status":"closed","ping_status":"closed","template":"","meta":{"_et_pb_use_builder":"","_et_pb_old_content":"","_et_gb_content_width":""},"product_brand":[],"product_cat":[581,578],"product_tag":[],"class_list":{"0":"post-4049","1":"product","2":"type-product","3":"status-publish","4":"has-post-thumbnail","6":"product_cat-anafes","7":"product_cat-coccion","9":"first","10":"instock","11":"shipping-taxable","12":"product-type-simple"},"_links":{"self":[{"href":"https:\/\/bossi.com.ar\/site\/wp-json\/wp\/v2\/product\/4049","targetHints":{"allow":["GET"]}}],"collection":[{"href":"https:\/\/bossi.com.ar\/site\/wp-json\/wp\/v2\/product"}],"about":[{"href":"https:\/\/bossi.com.ar\/site\/wp-json\/wp\/v2\/types\/product"}],"replies":[{"embeddable":true,"href":"https:\/\/bossi.com.ar\/site\/wp-json\/wp\/v2\/comments?post=4049"}],"wp:featuredmedia":[{"embeddable":true,"href":"https:\/\/bossi.com.ar\/site\/wp-json\/wp\/v2\/media\/4041"}],"wp:attachment":[{"href":"https:\/\/bossi.com.ar\/site\/wp-json\/wp\/v2\/media?parent=4049"}],"wp:term":[{"taxonomy":"product_brand","embeddable":true,"href":"https:\/\/bossi.com.ar\/site\/wp-json\/wp\/v2\/product_brand?post=4049"},{"taxonomy":"product_cat","embeddable":true,"href":"https:\/\/bossi.com.ar\/site\/wp-json\/wp\/v2\/product_cat?post=4049"},{"taxonomy":"product_tag","embeddable":true,"href":"https:\/\/bossi.com.ar\/site\/wp-json\/wp\/v2\/product_tag?post=4049"}],"curies":[{"name":"wp","href":"https:\/\/api.w.org\/{rel}","templated":true}]}}