{"id":4051,"date":"2024-12-18T14:58:35","date_gmt":"2024-12-18T17:58:35","guid":{"rendered":"https:\/\/bossi.com.ar\/site\/?post_type=product&#038;p=4051"},"modified":"2024-12-18T15:30:19","modified_gmt":"2024-12-18T18:30:19","slug":"horno-convector-mod-470-gas","status":"publish","type":"product","link":"https:\/\/bossi.com.ar\/site\/producto\/horno-convector-mod-470-gas\/","title":{"rendered":"Horno convector mod 470 gas"},"content":{"rendered":"<p>Horno convector modelo 470. 5 estantes enrejados m\u00f3viles, para colocar cualquier tipo de bandeja \u00f3 placa. Calefaccionado a gas. Controles el\u00e9ctronicos de timer, temperatura y alarmas. Incluye humidificador. Base reforzada con rack porta placas. Un horno de fabricaci\u00f3n nacional con el mejor rendimiento y garant\u00eda.<\/p>\n","protected":false},"excerpt":{"rendered":"<p>Horno convector mod 470 gas.<\/p>\n","protected":false},"featured_media":4062,"comment_status":"closed","ping_status":"closed","template":"","meta":{"_et_pb_use_builder":"","_et_pb_old_content":"","_et_gb_content_width":""},"product_brand":[],"product_cat":[578,580,15],"product_tag":[],"class_list":{"0":"post-4051","1":"product","2":"type-product","3":"status-publish","4":"has-post-thumbnail","6":"product_cat-coccion","7":"product_cat-hornos","8":"product_cat-sin-categorizar","10":"first","11":"instock","12":"shipping-taxable","13":"product-type-simple"},"_links":{"self":[{"href":"https:\/\/bossi.com.ar\/site\/wp-json\/wp\/v2\/product\/4051","targetHints":{"allow":["GET"]}}],"collection":[{"href":"https:\/\/bossi.com.ar\/site\/wp-json\/wp\/v2\/product"}],"about":[{"href":"https:\/\/bossi.com.ar\/site\/wp-json\/wp\/v2\/types\/product"}],"replies":[{"embeddable":true,"href":"https:\/\/bossi.com.ar\/site\/wp-json\/wp\/v2\/comments?post=4051"}],"wp:featuredmedia":[{"embeddable":true,"href":"https:\/\/bossi.com.ar\/site\/wp-json\/wp\/v2\/media\/4062"}],"wp:attachment":[{"href":"https:\/\/bossi.com.ar\/site\/wp-json\/wp\/v2\/media?parent=4051"}],"wp:term":[{"taxonomy":"product_brand","embeddable":true,"href":"https:\/\/bossi.com.ar\/site\/wp-json\/wp\/v2\/product_brand?post=4051"},{"taxonomy":"product_cat","embeddable":true,"href":"https:\/\/bossi.com.ar\/site\/wp-json\/wp\/v2\/product_cat?post=4051"},{"taxonomy":"product_tag","embeddable":true,"href":"https:\/\/bossi.com.ar\/site\/wp-json\/wp\/v2\/product_tag?post=4051"}],"curies":[{"name":"wp","href":"https:\/\/api.w.org\/{rel}","templated":true}]}}