{"id":4055,"date":"2024-12-18T15:17:12","date_gmt":"2024-12-18T18:17:12","guid":{"rendered":"https:\/\/bossi.com.ar\/site\/?post_type=product&#038;p=4055"},"modified":"2024-12-18T15:50:52","modified_gmt":"2024-12-18T18:50:52","slug":"horno-electrico-attivo-45-lts","status":"publish","type":"product","link":"https:\/\/bossi.com.ar\/site\/producto\/horno-electrico-attivo-45-lts\/","title":{"rendered":"Horno el\u00e9ctrico Attivo 45 lts ."},"content":{"rendered":"<p>Horno el\u00e9ctrico Attivo. Construido en acero inoxidable. Capacidad 45 lts.Timer, sistema de convecci\u00f3n y grill. Un horno pensado tanto para su comercio como para el hogar. Industria nacional !!!. Basta de romper hornos chinosss !!!<\/p>\n","protected":false},"excerpt":{"rendered":"<p>Horno el\u00e9ctrico Attivo 45 lts .<\/p>\n","protected":false},"featured_media":4056,"comment_status":"closed","ping_status":"closed","template":"","meta":{"_et_pb_use_builder":"","_et_pb_old_content":"","_et_gb_content_width":""},"product_brand":[],"product_cat":[578,580,595],"product_tag":[],"class_list":{"0":"post-4055","1":"product","2":"type-product","3":"status-publish","4":"has-post-thumbnail","6":"product_cat-coccion","7":"product_cat-hornos","8":"product_cat-varios-2","10":"first","11":"instock","12":"shipping-taxable","13":"product-type-simple"},"_links":{"self":[{"href":"https:\/\/bossi.com.ar\/site\/wp-json\/wp\/v2\/product\/4055","targetHints":{"allow":["GET"]}}],"collection":[{"href":"https:\/\/bossi.com.ar\/site\/wp-json\/wp\/v2\/product"}],"about":[{"href":"https:\/\/bossi.com.ar\/site\/wp-json\/wp\/v2\/types\/product"}],"replies":[{"embeddable":true,"href":"https:\/\/bossi.com.ar\/site\/wp-json\/wp\/v2\/comments?post=4055"}],"wp:featuredmedia":[{"embeddable":true,"href":"https:\/\/bossi.com.ar\/site\/wp-json\/wp\/v2\/media\/4056"}],"wp:attachment":[{"href":"https:\/\/bossi.com.ar\/site\/wp-json\/wp\/v2\/media?parent=4055"}],"wp:term":[{"taxonomy":"product_brand","embeddable":true,"href":"https:\/\/bossi.com.ar\/site\/wp-json\/wp\/v2\/product_brand?post=4055"},{"taxonomy":"product_cat","embeddable":true,"href":"https:\/\/bossi.com.ar\/site\/wp-json\/wp\/v2\/product_cat?post=4055"},{"taxonomy":"product_tag","embeddable":true,"href":"https:\/\/bossi.com.ar\/site\/wp-json\/wp\/v2\/product_tag?post=4055"}],"curies":[{"name":"wp","href":"https:\/\/api.w.org\/{rel}","templated":true}]}}