{"id":4066,"date":"2024-12-18T15:49:57","date_gmt":"2024-12-18T18:49:57","guid":{"rendered":"https:\/\/bossi.com.ar\/site\/?post_type=product&#038;p=4066"},"modified":"2024-12-18T15:50:03","modified_gmt":"2024-12-18T18:50:03","slug":"horno-multiple","status":"publish","type":"product","link":"https:\/\/bossi.com.ar\/site\/producto\/horno-multiple\/","title":{"rendered":"Horno m\u00faltiple."},"content":{"rendered":"<p>Horno m\u00faltiple a gas. Capacidad 3 moldes, con plancha hamburguesera y tostador. Revestido en acero inoxidable. Incluye v\u00e1lvula de seguridad y base. Ideal para peque\u00f1os comercios, bares, kioskos, as\u00ed como para su hogar.<\/p>\n","protected":false},"excerpt":{"rendered":"<p>Horno m\u00faltiple a gas. Capacidad 3 moldes, con plancha hamburguesera y tostador. Revestido en acero inoxidable. Incluye v\u00e1lvula de seguridad y base. Ideal para peque\u00f1os comercios, bares, kioskos, as\u00ed como para su hogar.<\/p>\n","protected":false},"featured_media":4067,"comment_status":"closed","ping_status":"closed","template":"","meta":{"_et_pb_use_builder":"","_et_pb_old_content":"","_et_gb_content_width":""},"product_brand":[],"product_cat":[578,580],"product_tag":[],"class_list":{"0":"post-4066","1":"product","2":"type-product","3":"status-publish","4":"has-post-thumbnail","6":"product_cat-coccion","7":"product_cat-hornos","9":"first","10":"instock","11":"shipping-taxable","12":"product-type-simple"},"_links":{"self":[{"href":"https:\/\/bossi.com.ar\/site\/wp-json\/wp\/v2\/product\/4066","targetHints":{"allow":["GET"]}}],"collection":[{"href":"https:\/\/bossi.com.ar\/site\/wp-json\/wp\/v2\/product"}],"about":[{"href":"https:\/\/bossi.com.ar\/site\/wp-json\/wp\/v2\/types\/product"}],"replies":[{"embeddable":true,"href":"https:\/\/bossi.com.ar\/site\/wp-json\/wp\/v2\/comments?post=4066"}],"wp:featuredmedia":[{"embeddable":true,"href":"https:\/\/bossi.com.ar\/site\/wp-json\/wp\/v2\/media\/4067"}],"wp:attachment":[{"href":"https:\/\/bossi.com.ar\/site\/wp-json\/wp\/v2\/media?parent=4066"}],"wp:term":[{"taxonomy":"product_brand","embeddable":true,"href":"https:\/\/bossi.com.ar\/site\/wp-json\/wp\/v2\/product_brand?post=4066"},{"taxonomy":"product_cat","embeddable":true,"href":"https:\/\/bossi.com.ar\/site\/wp-json\/wp\/v2\/product_cat?post=4066"},{"taxonomy":"product_tag","embeddable":true,"href":"https:\/\/bossi.com.ar\/site\/wp-json\/wp\/v2\/product_tag?post=4066"}],"curies":[{"name":"wp","href":"https:\/\/api.w.org\/{rel}","templated":true}]}}