{"id":4068,"date":"2024-12-18T16:08:18","date_gmt":"2024-12-18T19:08:18","guid":{"rendered":"https:\/\/bossi.com.ar\/site\/?post_type=product&#038;p=4068"},"modified":"2024-12-26T10:10:11","modified_gmt":"2024-12-26T13:10:11","slug":"heladera-mostrador-bajo-mesada","status":"publish","type":"product","link":"https:\/\/bossi.com.ar\/site\/producto\/heladera-mostrador-bajo-mesada\/","title":{"rendered":"Heladera mostrador bajo mesada."},"content":{"rendered":"<p>Heladera mostrador bajo mesada gastron\u00f3mica. Construida en acero inoxidable esmerilado exterior, interior brillante. Sistema de fr\u00edo r\u00e1pido y eficiente. Control digital de temperatura. Descongelamiento autom\u00e1tico. Equipo incorporado \u00f3 a distancia, de \u00faltima generaci\u00f3n. Disponible en 2, 3, 4 y 5 puertas. Consulte medidas especiales. Somos fabricantes\u00a0 !!!<\/p>\n","protected":false},"excerpt":{"rendered":"<p>Heladera mostrador bajo mesada.<\/p>\n","protected":false},"featured_media":4185,"comment_status":"closed","ping_status":"closed","template":"","meta":{"_et_pb_use_builder":"","_et_pb_old_content":"","_et_gb_content_width":""},"product_brand":[],"product_cat":[587,585],"product_tag":[],"class_list":{"0":"post-4068","1":"product","2":"type-product","3":"status-publish","4":"has-post-thumbnail","6":"product_cat-heladeras-comerciales","7":"product_cat-refrigeracion","9":"first","10":"instock","11":"shipping-taxable","12":"product-type-simple"},"_links":{"self":[{"href":"https:\/\/bossi.com.ar\/site\/wp-json\/wp\/v2\/product\/4068","targetHints":{"allow":["GET"]}}],"collection":[{"href":"https:\/\/bossi.com.ar\/site\/wp-json\/wp\/v2\/product"}],"about":[{"href":"https:\/\/bossi.com.ar\/site\/wp-json\/wp\/v2\/types\/product"}],"replies":[{"embeddable":true,"href":"https:\/\/bossi.com.ar\/site\/wp-json\/wp\/v2\/comments?post=4068"}],"wp:featuredmedia":[{"embeddable":true,"href":"https:\/\/bossi.com.ar\/site\/wp-json\/wp\/v2\/media\/4185"}],"wp:attachment":[{"href":"https:\/\/bossi.com.ar\/site\/wp-json\/wp\/v2\/media?parent=4068"}],"wp:term":[{"taxonomy":"product_brand","embeddable":true,"href":"https:\/\/bossi.com.ar\/site\/wp-json\/wp\/v2\/product_brand?post=4068"},{"taxonomy":"product_cat","embeddable":true,"href":"https:\/\/bossi.com.ar\/site\/wp-json\/wp\/v2\/product_cat?post=4068"},{"taxonomy":"product_tag","embeddable":true,"href":"https:\/\/bossi.com.ar\/site\/wp-json\/wp\/v2\/product_tag?post=4068"}],"curies":[{"name":"wp","href":"https:\/\/api.w.org\/{rel}","templated":true}]}}