{"id":4081,"date":"2024-12-19T10:18:40","date_gmt":"2024-12-19T13:18:40","guid":{"rendered":"https:\/\/bossi.com.ar\/site\/?post_type=product&#038;p=4081"},"modified":"2024-12-19T10:18:40","modified_gmt":"2024-12-19T13:18:40","slug":"camara-frigorifica-modular","status":"publish","type":"product","link":"https:\/\/bossi.com.ar\/site\/producto\/camara-frigorifica-modular\/","title":{"rendered":"C\u00e1mara frigor\u00edfica modular."},"content":{"rendered":"<p>C\u00e1mara frigor\u00edfica modular, construida en paneles de poliuretano expandido. Revestida en chapa blanca prepintada. Puerta batiente con apertura interior\/exterior. Fabricamos diferentes configuraciones de acuerdo a su necesidad. Disponible en media y baja temperatura. Consulte !!!<\/p>\n","protected":false},"excerpt":{"rendered":"<p>C\u00e1mara frigor\u00edfica modular.<\/p>\n","protected":false},"featured_media":4082,"comment_status":"closed","ping_status":"closed","template":"","meta":{"_et_pb_use_builder":"","_et_pb_old_content":"","_et_gb_content_width":""},"product_brand":[],"product_cat":[588,585],"product_tag":[],"class_list":{"0":"post-4081","1":"product","2":"type-product","3":"status-publish","4":"has-post-thumbnail","6":"product_cat-camaras-friigorificas","7":"product_cat-refrigeracion","9":"first","10":"instock","11":"shipping-taxable","12":"product-type-simple"},"_links":{"self":[{"href":"https:\/\/bossi.com.ar\/site\/wp-json\/wp\/v2\/product\/4081","targetHints":{"allow":["GET"]}}],"collection":[{"href":"https:\/\/bossi.com.ar\/site\/wp-json\/wp\/v2\/product"}],"about":[{"href":"https:\/\/bossi.com.ar\/site\/wp-json\/wp\/v2\/types\/product"}],"replies":[{"embeddable":true,"href":"https:\/\/bossi.com.ar\/site\/wp-json\/wp\/v2\/comments?post=4081"}],"wp:featuredmedia":[{"embeddable":true,"href":"https:\/\/bossi.com.ar\/site\/wp-json\/wp\/v2\/media\/4082"}],"wp:attachment":[{"href":"https:\/\/bossi.com.ar\/site\/wp-json\/wp\/v2\/media?parent=4081"}],"wp:term":[{"taxonomy":"product_brand","embeddable":true,"href":"https:\/\/bossi.com.ar\/site\/wp-json\/wp\/v2\/product_brand?post=4081"},{"taxonomy":"product_cat","embeddable":true,"href":"https:\/\/bossi.com.ar\/site\/wp-json\/wp\/v2\/product_cat?post=4081"},{"taxonomy":"product_tag","embeddable":true,"href":"https:\/\/bossi.com.ar\/site\/wp-json\/wp\/v2\/product_tag?post=4081"}],"curies":[{"name":"wp","href":"https:\/\/api.w.org\/{rel}","templated":true}]}}