{"id":4086,"date":"2024-12-19T11:00:32","date_gmt":"2024-12-19T14:00:32","guid":{"rendered":"https:\/\/bossi.com.ar\/site\/?post_type=product&#038;p=4086"},"modified":"2024-12-19T11:00:32","modified_gmt":"2024-12-19T14:00:32","slug":"heladera-vitrina-mostrador","status":"publish","type":"product","link":"https:\/\/bossi.com.ar\/site\/producto\/heladera-vitrina-mostrador\/","title":{"rendered":"Heladera vitrina mostrador."},"content":{"rendered":"<p>Heladera vitrina mostrador. Disponible en varias medidas y colores. Tapa s\u00f3lida, tanto para atenci\u00f3n como para apoyo de balanzas y cortadora. Equipo compacto de bajo consumo y alto rendimiento. S\u00edmple,pero muy rendidora. Ideal para arrancar tu negocio, despensa, almac\u00e9n, kiosko, etc.<\/p>\n","protected":false},"excerpt":{"rendered":"<p>Heladera vitrina mostrador.<\/p>\n","protected":false},"featured_media":4087,"comment_status":"closed","ping_status":"closed","template":"","meta":{"_et_pb_use_builder":"","_et_pb_old_content":"","_et_gb_content_width":""},"product_brand":[],"product_cat":[587,585],"product_tag":[],"class_list":{"0":"post-4086","1":"product","2":"type-product","3":"status-publish","4":"has-post-thumbnail","6":"product_cat-heladeras-comerciales","7":"product_cat-refrigeracion","9":"first","10":"instock","11":"shipping-taxable","12":"product-type-simple"},"_links":{"self":[{"href":"https:\/\/bossi.com.ar\/site\/wp-json\/wp\/v2\/product\/4086","targetHints":{"allow":["GET"]}}],"collection":[{"href":"https:\/\/bossi.com.ar\/site\/wp-json\/wp\/v2\/product"}],"about":[{"href":"https:\/\/bossi.com.ar\/site\/wp-json\/wp\/v2\/types\/product"}],"replies":[{"embeddable":true,"href":"https:\/\/bossi.com.ar\/site\/wp-json\/wp\/v2\/comments?post=4086"}],"wp:featuredmedia":[{"embeddable":true,"href":"https:\/\/bossi.com.ar\/site\/wp-json\/wp\/v2\/media\/4087"}],"wp:attachment":[{"href":"https:\/\/bossi.com.ar\/site\/wp-json\/wp\/v2\/media?parent=4086"}],"wp:term":[{"taxonomy":"product_brand","embeddable":true,"href":"https:\/\/bossi.com.ar\/site\/wp-json\/wp\/v2\/product_brand?post=4086"},{"taxonomy":"product_cat","embeddable":true,"href":"https:\/\/bossi.com.ar\/site\/wp-json\/wp\/v2\/product_cat?post=4086"},{"taxonomy":"product_tag","embeddable":true,"href":"https:\/\/bossi.com.ar\/site\/wp-json\/wp\/v2\/product_tag?post=4086"}],"curies":[{"name":"wp","href":"https:\/\/api.w.org\/{rel}","templated":true}]}}