{"id":4090,"date":"2024-12-19T11:22:29","date_gmt":"2024-12-19T14:22:29","guid":{"rendered":"https:\/\/bossi.com.ar\/site\/?post_type=product&#038;p=4090"},"modified":"2024-12-19T11:22:35","modified_gmt":"2024-12-19T14:22:35","slug":"heladera-exhibidora-termopanel","status":"publish","type":"product","link":"https:\/\/bossi.com.ar\/site\/producto\/heladera-exhibidora-termopanel\/","title":{"rendered":"Heladera exhibidora termopanel."},"content":{"rendered":"<p>Heladera exhibidora mostrador, con frente curvado en termopanel de gran aislaci\u00f3n. Exterior color blanco laqueado, interior full inoxidable. Iluminaci\u00f3n led, sistema est\u00e1tico para productos que necesitan fr\u00edo y humedad. Ideal para panader\u00edas, confiterias, fabricas de pastas, rotiseria, casas de comidas, etc.<\/p>\n","protected":false},"excerpt":{"rendered":"<p>Heladera exhibidora termopanel.<\/p>\n","protected":false},"featured_media":4091,"comment_status":"closed","ping_status":"closed","template":"","meta":{"_et_pb_use_builder":"","_et_pb_old_content":"","_et_gb_content_width":""},"product_brand":[],"product_cat":[587,585],"product_tag":[],"class_list":{"0":"post-4090","1":"product","2":"type-product","3":"status-publish","4":"has-post-thumbnail","6":"product_cat-heladeras-comerciales","7":"product_cat-refrigeracion","9":"first","10":"instock","11":"shipping-taxable","12":"product-type-simple"},"_links":{"self":[{"href":"https:\/\/bossi.com.ar\/site\/wp-json\/wp\/v2\/product\/4090","targetHints":{"allow":["GET"]}}],"collection":[{"href":"https:\/\/bossi.com.ar\/site\/wp-json\/wp\/v2\/product"}],"about":[{"href":"https:\/\/bossi.com.ar\/site\/wp-json\/wp\/v2\/types\/product"}],"replies":[{"embeddable":true,"href":"https:\/\/bossi.com.ar\/site\/wp-json\/wp\/v2\/comments?post=4090"}],"wp:featuredmedia":[{"embeddable":true,"href":"https:\/\/bossi.com.ar\/site\/wp-json\/wp\/v2\/media\/4091"}],"wp:attachment":[{"href":"https:\/\/bossi.com.ar\/site\/wp-json\/wp\/v2\/media?parent=4090"}],"wp:term":[{"taxonomy":"product_brand","embeddable":true,"href":"https:\/\/bossi.com.ar\/site\/wp-json\/wp\/v2\/product_brand?post=4090"},{"taxonomy":"product_cat","embeddable":true,"href":"https:\/\/bossi.com.ar\/site\/wp-json\/wp\/v2\/product_cat?post=4090"},{"taxonomy":"product_tag","embeddable":true,"href":"https:\/\/bossi.com.ar\/site\/wp-json\/wp\/v2\/product_tag?post=4090"}],"curies":[{"name":"wp","href":"https:\/\/api.w.org\/{rel}","templated":true}]}}