{"id":4120,"date":"2024-12-19T16:10:17","date_gmt":"2024-12-19T19:10:17","guid":{"rendered":"https:\/\/bossi.com.ar\/site\/?post_type=product&#038;p=4120"},"modified":"2024-12-19T16:10:18","modified_gmt":"2024-12-19T19:10:18","slug":"heladera-exhibidora-vertical-1350-lts","status":"publish","type":"product","link":"https:\/\/bossi.com.ar\/site\/producto\/heladera-exhibidora-vertical-1350-lts\/","title":{"rendered":"Heladera exhibidora vertical 1350 lts."},"content":{"rendered":"<p>Heladera exhibidora vertical 3 puertas capacidad 1350 lts. Puertas de vidrio termopanel. Iluminaci\u00f3n Led. Estantes regulables. Sistema de fr\u00edo forzado que garantiza excelente calidad de fr\u00edo para botellas, latas, y todo producto envasado.<\/p>\n","protected":false},"excerpt":{"rendered":"<p>Heladera exhibidora vertical 1350 lts.<\/p>\n","protected":false},"featured_media":4121,"comment_status":"closed","ping_status":"closed","template":"","meta":{"_et_pb_use_builder":"","_et_pb_old_content":"","_et_gb_content_width":""},"product_brand":[],"product_cat":[586,585],"product_tag":[],"class_list":{"0":"post-4120","1":"product","2":"type-product","3":"status-publish","4":"has-post-thumbnail","6":"product_cat-heladeras-exhibidoras","7":"product_cat-refrigeracion","9":"first","10":"instock","11":"shipping-taxable","12":"product-type-simple"},"_links":{"self":[{"href":"https:\/\/bossi.com.ar\/site\/wp-json\/wp\/v2\/product\/4120","targetHints":{"allow":["GET"]}}],"collection":[{"href":"https:\/\/bossi.com.ar\/site\/wp-json\/wp\/v2\/product"}],"about":[{"href":"https:\/\/bossi.com.ar\/site\/wp-json\/wp\/v2\/types\/product"}],"replies":[{"embeddable":true,"href":"https:\/\/bossi.com.ar\/site\/wp-json\/wp\/v2\/comments?post=4120"}],"wp:featuredmedia":[{"embeddable":true,"href":"https:\/\/bossi.com.ar\/site\/wp-json\/wp\/v2\/media\/4121"}],"wp:attachment":[{"href":"https:\/\/bossi.com.ar\/site\/wp-json\/wp\/v2\/media?parent=4120"}],"wp:term":[{"taxonomy":"product_brand","embeddable":true,"href":"https:\/\/bossi.com.ar\/site\/wp-json\/wp\/v2\/product_brand?post=4120"},{"taxonomy":"product_cat","embeddable":true,"href":"https:\/\/bossi.com.ar\/site\/wp-json\/wp\/v2\/product_cat?post=4120"},{"taxonomy":"product_tag","embeddable":true,"href":"https:\/\/bossi.com.ar\/site\/wp-json\/wp\/v2\/product_tag?post=4120"}],"curies":[{"name":"wp","href":"https:\/\/api.w.org\/{rel}","templated":true}]}}