{"id":4124,"date":"2024-12-19T17:11:33","date_gmt":"2024-12-19T20:11:33","guid":{"rendered":"https:\/\/bossi.com.ar\/site\/?post_type=product&#038;p=4124"},"modified":"2024-12-19T17:11:43","modified_gmt":"2024-12-19T20:11:43","slug":"mesada-con-bacha-profunda","status":"publish","type":"product","link":"https:\/\/bossi.com.ar\/site\/producto\/mesada-con-bacha-profunda\/","title":{"rendered":"Mesada con bacha profunda."},"content":{"rendered":"<p>Mesada gastron\u00f3mica, construida en acero inoxidable 1.2 mm, soldada y pulida, con bacha profesional con bordes redondeados. Base caballete en ca\u00f1o 40&#215;40 inoxidable. Fabricamos modelos y medidas seg\u00fan su necesidad. Envianos tu plano o croquis y cotizamos en el d\u00eda.<\/p>\n","protected":false},"excerpt":{"rendered":"<p>Mesada con bacha profunda.<\/p>\n","protected":false},"featured_media":4125,"comment_status":"closed","ping_status":"closed","template":"","meta":{"_et_pb_use_builder":"","_et_pb_old_content":"","_et_gb_content_width":""},"product_brand":[],"product_cat":[597,599],"product_tag":[],"class_list":{"0":"post-4124","1":"product","2":"type-product","3":"status-publish","4":"has-post-thumbnail","6":"product_cat-neutros","7":"product_cat-trabajos-especiales","9":"first","10":"instock","11":"shipping-taxable","12":"product-type-simple"},"_links":{"self":[{"href":"https:\/\/bossi.com.ar\/site\/wp-json\/wp\/v2\/product\/4124","targetHints":{"allow":["GET"]}}],"collection":[{"href":"https:\/\/bossi.com.ar\/site\/wp-json\/wp\/v2\/product"}],"about":[{"href":"https:\/\/bossi.com.ar\/site\/wp-json\/wp\/v2\/types\/product"}],"replies":[{"embeddable":true,"href":"https:\/\/bossi.com.ar\/site\/wp-json\/wp\/v2\/comments?post=4124"}],"wp:featuredmedia":[{"embeddable":true,"href":"https:\/\/bossi.com.ar\/site\/wp-json\/wp\/v2\/media\/4125"}],"wp:attachment":[{"href":"https:\/\/bossi.com.ar\/site\/wp-json\/wp\/v2\/media?parent=4124"}],"wp:term":[{"taxonomy":"product_brand","embeddable":true,"href":"https:\/\/bossi.com.ar\/site\/wp-json\/wp\/v2\/product_brand?post=4124"},{"taxonomy":"product_cat","embeddable":true,"href":"https:\/\/bossi.com.ar\/site\/wp-json\/wp\/v2\/product_cat?post=4124"},{"taxonomy":"product_tag","embeddable":true,"href":"https:\/\/bossi.com.ar\/site\/wp-json\/wp\/v2\/product_tag?post=4124"}],"curies":[{"name":"wp","href":"https:\/\/api.w.org\/{rel}","templated":true}]}}