{"id":4126,"date":"2024-12-19T17:14:55","date_gmt":"2024-12-19T20:14:55","guid":{"rendered":"https:\/\/bossi.com.ar\/site\/?post_type=product&#038;p=4126"},"modified":"2024-12-19T17:14:55","modified_gmt":"2024-12-19T20:14:55","slug":"cafetera-electrica","status":"publish","type":"product","link":"https:\/\/bossi.com.ar\/site\/producto\/cafetera-electrica\/","title":{"rendered":"Cafetera el\u00e9ctrica ."},"content":{"rendered":"<p>Cafetera el\u00e9ctrica, con filtro de acero inoxidable. Regulador de temperatura manual y corte autom\u00e1tico. Gabinete full inoxidable. Disponemos varias medidas desde 3 a 20 lts.<\/p>\n","protected":false},"excerpt":{"rendered":"<p>Cafetera el\u00e9ctrica .<\/p>\n","protected":false},"featured_media":4127,"comment_status":"closed","ping_status":"closed","template":"","meta":{"_et_pb_use_builder":"","_et_pb_old_content":"","_et_gb_content_width":""},"product_brand":[],"product_cat":[594,595,584],"product_tag":[],"class_list":{"0":"post-4126","1":"product","2":"type-product","3":"status-publish","4":"has-post-thumbnail","6":"product_cat-bazar","7":"product_cat-varios-2","8":"product_cat-varios","10":"first","11":"instock","12":"shipping-taxable","13":"product-type-simple"},"_links":{"self":[{"href":"https:\/\/bossi.com.ar\/site\/wp-json\/wp\/v2\/product\/4126","targetHints":{"allow":["GET"]}}],"collection":[{"href":"https:\/\/bossi.com.ar\/site\/wp-json\/wp\/v2\/product"}],"about":[{"href":"https:\/\/bossi.com.ar\/site\/wp-json\/wp\/v2\/types\/product"}],"replies":[{"embeddable":true,"href":"https:\/\/bossi.com.ar\/site\/wp-json\/wp\/v2\/comments?post=4126"}],"wp:featuredmedia":[{"embeddable":true,"href":"https:\/\/bossi.com.ar\/site\/wp-json\/wp\/v2\/media\/4127"}],"wp:attachment":[{"href":"https:\/\/bossi.com.ar\/site\/wp-json\/wp\/v2\/media?parent=4126"}],"wp:term":[{"taxonomy":"product_brand","embeddable":true,"href":"https:\/\/bossi.com.ar\/site\/wp-json\/wp\/v2\/product_brand?post=4126"},{"taxonomy":"product_cat","embeddable":true,"href":"https:\/\/bossi.com.ar\/site\/wp-json\/wp\/v2\/product_cat?post=4126"},{"taxonomy":"product_tag","embeddable":true,"href":"https:\/\/bossi.com.ar\/site\/wp-json\/wp\/v2\/product_tag?post=4126"}],"curies":[{"name":"wp","href":"https:\/\/api.w.org\/{rel}","templated":true}]}}