{"id":4136,"date":"2024-12-20T14:40:45","date_gmt":"2024-12-20T17:40:45","guid":{"rendered":"https:\/\/bossi.com.ar\/site\/?post_type=product&#038;p=4136"},"modified":"2024-12-20T14:41:11","modified_gmt":"2024-12-20T17:41:11","slug":"fabricadora-de-hielo-20-kg","status":"publish","type":"product","link":"https:\/\/bossi.com.ar\/site\/producto\/fabricadora-de-hielo-20-kg\/","title":{"rendered":"Fabricadora de hielo 20 kg."},"content":{"rendered":"<p>Fabricadora de hielo. Capacidad 20 kg\/dia. Muy bajo consulmo. Corte autom\u00e1tico. Bin para dep\u00f3sito. Conexi\u00f3n de agua a red domiciliaria. Una m\u00e1quina simple, econ\u00f3mica, de excelente rendimiento.<\/p>\n","protected":false},"excerpt":{"rendered":"<p>Fabricadora de hielo 20 kg.<\/p>\n","protected":false},"featured_media":4138,"comment_status":"closed","ping_status":"closed","template":"","meta":{"_et_pb_use_builder":"","_et_pb_old_content":"","_et_gb_content_width":""},"product_brand":[],"product_cat":[595,600],"product_tag":[],"class_list":{"0":"post-4136","1":"product","2":"type-product","3":"status-publish","4":"has-post-thumbnail","6":"product_cat-varios-2","7":"product_cat-varios-maquinas-y-equipos","9":"first","10":"instock","11":"shipping-taxable","12":"product-type-simple"},"_links":{"self":[{"href":"https:\/\/bossi.com.ar\/site\/wp-json\/wp\/v2\/product\/4136","targetHints":{"allow":["GET"]}}],"collection":[{"href":"https:\/\/bossi.com.ar\/site\/wp-json\/wp\/v2\/product"}],"about":[{"href":"https:\/\/bossi.com.ar\/site\/wp-json\/wp\/v2\/types\/product"}],"replies":[{"embeddable":true,"href":"https:\/\/bossi.com.ar\/site\/wp-json\/wp\/v2\/comments?post=4136"}],"wp:featuredmedia":[{"embeddable":true,"href":"https:\/\/bossi.com.ar\/site\/wp-json\/wp\/v2\/media\/4138"}],"wp:attachment":[{"href":"https:\/\/bossi.com.ar\/site\/wp-json\/wp\/v2\/media?parent=4136"}],"wp:term":[{"taxonomy":"product_brand","embeddable":true,"href":"https:\/\/bossi.com.ar\/site\/wp-json\/wp\/v2\/product_brand?post=4136"},{"taxonomy":"product_cat","embeddable":true,"href":"https:\/\/bossi.com.ar\/site\/wp-json\/wp\/v2\/product_cat?post=4136"},{"taxonomy":"product_tag","embeddable":true,"href":"https:\/\/bossi.com.ar\/site\/wp-json\/wp\/v2\/product_tag?post=4136"}],"curies":[{"name":"wp","href":"https:\/\/api.w.org\/{rel}","templated":true}]}}