{"id":4152,"date":"2024-12-20T15:59:18","date_gmt":"2024-12-20T18:59:18","guid":{"rendered":"https:\/\/bossi.com.ar\/site\/?post_type=product&#038;p=4152"},"modified":"2024-12-20T15:59:18","modified_gmt":"2024-12-20T18:59:18","slug":"termoselladora","status":"publish","type":"product","link":"https:\/\/bossi.com.ar\/site\/producto\/termoselladora\/","title":{"rendered":"Termoselladora."},"content":{"rendered":"<p>Termoselladora el\u00e9ctrica para film. Con regulaci\u00f3n de temperatura de corte y sellado. Gabinete inoxidable \u00f3 blanco. Ideal para fiambrer\u00edas, diet\u00e9ticas, despensas, etc.<\/p>\n","protected":false},"excerpt":{"rendered":"<p>Termoselladora.<\/p>\n","protected":false},"featured_media":4153,"comment_status":"closed","ping_status":"closed","template":"","meta":{"_et_pb_use_builder":"","_et_pb_old_content":"","_et_gb_content_width":""},"product_brand":[],"product_cat":[598,600],"product_tag":[],"class_list":{"0":"post-4152","1":"product","2":"type-product","3":"status-publish","4":"has-post-thumbnail","6":"product_cat-maquinas-y-equipos","7":"product_cat-varios-maquinas-y-equipos","9":"first","10":"instock","11":"shipping-taxable","12":"product-type-simple"},"_links":{"self":[{"href":"https:\/\/bossi.com.ar\/site\/wp-json\/wp\/v2\/product\/4152","targetHints":{"allow":["GET"]}}],"collection":[{"href":"https:\/\/bossi.com.ar\/site\/wp-json\/wp\/v2\/product"}],"about":[{"href":"https:\/\/bossi.com.ar\/site\/wp-json\/wp\/v2\/types\/product"}],"replies":[{"embeddable":true,"href":"https:\/\/bossi.com.ar\/site\/wp-json\/wp\/v2\/comments?post=4152"}],"wp:featuredmedia":[{"embeddable":true,"href":"https:\/\/bossi.com.ar\/site\/wp-json\/wp\/v2\/media\/4153"}],"wp:attachment":[{"href":"https:\/\/bossi.com.ar\/site\/wp-json\/wp\/v2\/media?parent=4152"}],"wp:term":[{"taxonomy":"product_brand","embeddable":true,"href":"https:\/\/bossi.com.ar\/site\/wp-json\/wp\/v2\/product_brand?post=4152"},{"taxonomy":"product_cat","embeddable":true,"href":"https:\/\/bossi.com.ar\/site\/wp-json\/wp\/v2\/product_cat?post=4152"},{"taxonomy":"product_tag","embeddable":true,"href":"https:\/\/bossi.com.ar\/site\/wp-json\/wp\/v2\/product_tag?post=4152"}],"curies":[{"name":"wp","href":"https:\/\/api.w.org\/{rel}","templated":true}]}}