{"id":4156,"date":"2024-12-20T16:05:38","date_gmt":"2024-12-20T19:05:38","guid":{"rendered":"https:\/\/bossi.com.ar\/site\/?post_type=product&#038;p=4156"},"modified":"2024-12-20T16:05:38","modified_gmt":"2024-12-20T19:05:38","slug":"picadora-de-carne-32","status":"publish","type":"product","link":"https:\/\/bossi.com.ar\/site\/producto\/picadora-de-carne-32\/","title":{"rendered":"Picadora de carne 32."},"content":{"rendered":"<p>Picadora de carne modelo 32. Gabinete en acero inoxidable de excelente calidad. Bandeja redonda. Cabezal cromado. Motor monof\u00e1sico de 1.5 HP. Preparada para trabajos arduos de carnicer\u00edas, hamburgueser\u00edas, etc.<\/p>\n","protected":false},"excerpt":{"rendered":"<p>Picadora de carne 32.<\/p>\n","protected":false},"featured_media":4157,"comment_status":"closed","ping_status":"closed","template":"","meta":{"_et_pb_use_builder":"","_et_pb_old_content":"","_et_gb_content_width":""},"product_brand":[],"product_cat":[598,600],"product_tag":[],"class_list":{"0":"post-4156","1":"product","2":"type-product","3":"status-publish","4":"has-post-thumbnail","6":"product_cat-maquinas-y-equipos","7":"product_cat-varios-maquinas-y-equipos","9":"first","10":"instock","11":"shipping-taxable","12":"product-type-simple"},"_links":{"self":[{"href":"https:\/\/bossi.com.ar\/site\/wp-json\/wp\/v2\/product\/4156","targetHints":{"allow":["GET"]}}],"collection":[{"href":"https:\/\/bossi.com.ar\/site\/wp-json\/wp\/v2\/product"}],"about":[{"href":"https:\/\/bossi.com.ar\/site\/wp-json\/wp\/v2\/types\/product"}],"replies":[{"embeddable":true,"href":"https:\/\/bossi.com.ar\/site\/wp-json\/wp\/v2\/comments?post=4156"}],"wp:featuredmedia":[{"embeddable":true,"href":"https:\/\/bossi.com.ar\/site\/wp-json\/wp\/v2\/media\/4157"}],"wp:attachment":[{"href":"https:\/\/bossi.com.ar\/site\/wp-json\/wp\/v2\/media?parent=4156"}],"wp:term":[{"taxonomy":"product_brand","embeddable":true,"href":"https:\/\/bossi.com.ar\/site\/wp-json\/wp\/v2\/product_brand?post=4156"},{"taxonomy":"product_cat","embeddable":true,"href":"https:\/\/bossi.com.ar\/site\/wp-json\/wp\/v2\/product_cat?post=4156"},{"taxonomy":"product_tag","embeddable":true,"href":"https:\/\/bossi.com.ar\/site\/wp-json\/wp\/v2\/product_tag?post=4156"}],"curies":[{"name":"wp","href":"https:\/\/api.w.org\/{rel}","templated":true}]}}