{"id":4171,"date":"2024-12-26T09:42:14","date_gmt":"2024-12-26T12:42:14","guid":{"rendered":"https:\/\/bossi.com.ar\/site\/?post_type=product&#038;p=4171"},"modified":"2024-12-26T09:42:14","modified_gmt":"2024-12-26T12:42:14","slug":"campana-de-extraccion-gastronomica","status":"publish","type":"product","link":"https:\/\/bossi.com.ar\/site\/producto\/campana-de-extraccion-gastronomica\/","title":{"rendered":"Campana de extracci\u00f3n gastron\u00f3mica."},"content":{"rendered":"<p>Campana de extracci\u00f3n, linea gastron\u00f3mica. Construida en acero inoxidable. Vac\u00eda \u00fa opciones de filtros met\u00e1licos. 90, 110 \u00f3 130 cm. Opciones de diferentes motorizaciones. Fabricamos a la medida que Usted necesite. Consulte !!!<\/p>\n","protected":false},"excerpt":{"rendered":"<p>Campana de extracci\u00f3n gastron\u00f3mica.<\/p>\n","protected":false},"featured_media":4172,"comment_status":"closed","ping_status":"closed","template":"","meta":{"_et_pb_use_builder":"","_et_pb_old_content":"","_et_gb_content_width":""},"product_brand":[],"product_cat":[596],"product_tag":[],"class_list":{"0":"post-4171","1":"product","2":"type-product","3":"status-publish","4":"has-post-thumbnail","6":"product_cat-campanas","8":"first","9":"instock","10":"shipping-taxable","11":"product-type-simple"},"_links":{"self":[{"href":"https:\/\/bossi.com.ar\/site\/wp-json\/wp\/v2\/product\/4171","targetHints":{"allow":["GET"]}}],"collection":[{"href":"https:\/\/bossi.com.ar\/site\/wp-json\/wp\/v2\/product"}],"about":[{"href":"https:\/\/bossi.com.ar\/site\/wp-json\/wp\/v2\/types\/product"}],"replies":[{"embeddable":true,"href":"https:\/\/bossi.com.ar\/site\/wp-json\/wp\/v2\/comments?post=4171"}],"wp:featuredmedia":[{"embeddable":true,"href":"https:\/\/bossi.com.ar\/site\/wp-json\/wp\/v2\/media\/4172"}],"wp:attachment":[{"href":"https:\/\/bossi.com.ar\/site\/wp-json\/wp\/v2\/media?parent=4171"}],"wp:term":[{"taxonomy":"product_brand","embeddable":true,"href":"https:\/\/bossi.com.ar\/site\/wp-json\/wp\/v2\/product_brand?post=4171"},{"taxonomy":"product_cat","embeddable":true,"href":"https:\/\/bossi.com.ar\/site\/wp-json\/wp\/v2\/product_cat?post=4171"},{"taxonomy":"product_tag","embeddable":true,"href":"https:\/\/bossi.com.ar\/site\/wp-json\/wp\/v2\/product_tag?post=4171"}],"curies":[{"name":"wp","href":"https:\/\/api.w.org\/{rel}","templated":true}]}}