{"id":4173,"date":"2024-12-26T09:44:05","date_gmt":"2024-12-26T12:44:05","guid":{"rendered":"https:\/\/bossi.com.ar\/site\/?post_type=product&#038;p=4173"},"modified":"2024-12-26T09:44:06","modified_gmt":"2024-12-26T12:44:06","slug":"campana-isla-kuba","status":"publish","type":"product","link":"https:\/\/bossi.com.ar\/site\/producto\/campana-isla-kuba\/","title":{"rendered":"Campana isla Kuba."},"content":{"rendered":"<p>Campana de extracci\u00f3n modelo Isla Kuba.. Construida en acero inoxidable. Filtros met\u00e1licos. Motor incorporado. Tres velocidades. Luz led. Comando touch con display y timer. Disponible en 60 \u00f3 90 cm.<\/p>\n","protected":false},"excerpt":{"rendered":"<p>Campana Isla Kuba.<\/p>\n","protected":false},"featured_media":4174,"comment_status":"closed","ping_status":"closed","template":"","meta":{"_et_pb_use_builder":"","_et_pb_old_content":"","_et_gb_content_width":""},"product_brand":[],"product_cat":[596],"product_tag":[],"class_list":{"0":"post-4173","1":"product","2":"type-product","3":"status-publish","4":"has-post-thumbnail","6":"product_cat-campanas","8":"first","9":"instock","10":"shipping-taxable","11":"product-type-simple"},"_links":{"self":[{"href":"https:\/\/bossi.com.ar\/site\/wp-json\/wp\/v2\/product\/4173","targetHints":{"allow":["GET"]}}],"collection":[{"href":"https:\/\/bossi.com.ar\/site\/wp-json\/wp\/v2\/product"}],"about":[{"href":"https:\/\/bossi.com.ar\/site\/wp-json\/wp\/v2\/types\/product"}],"replies":[{"embeddable":true,"href":"https:\/\/bossi.com.ar\/site\/wp-json\/wp\/v2\/comments?post=4173"}],"wp:featuredmedia":[{"embeddable":true,"href":"https:\/\/bossi.com.ar\/site\/wp-json\/wp\/v2\/media\/4174"}],"wp:attachment":[{"href":"https:\/\/bossi.com.ar\/site\/wp-json\/wp\/v2\/media?parent=4173"}],"wp:term":[{"taxonomy":"product_brand","embeddable":true,"href":"https:\/\/bossi.com.ar\/site\/wp-json\/wp\/v2\/product_brand?post=4173"},{"taxonomy":"product_cat","embeddable":true,"href":"https:\/\/bossi.com.ar\/site\/wp-json\/wp\/v2\/product_cat?post=4173"},{"taxonomy":"product_tag","embeddable":true,"href":"https:\/\/bossi.com.ar\/site\/wp-json\/wp\/v2\/product_tag?post=4173"}],"curies":[{"name":"wp","href":"https:\/\/api.w.org\/{rel}","templated":true}]}}