{"id":4175,"date":"2024-12-26T09:46:20","date_gmt":"2024-12-26T12:46:20","guid":{"rendered":"https:\/\/bossi.com.ar\/site\/?post_type=product&#038;p=4175"},"modified":"2024-12-26T09:46:20","modified_gmt":"2024-12-26T12:46:20","slug":"campana-de-extraccion-lacar","status":"publish","type":"product","link":"https:\/\/bossi.com.ar\/site\/producto\/campana-de-extraccion-lacar\/","title":{"rendered":"Campana de extracci\u00f3n Lacar."},"content":{"rendered":"<p>Campana de extracci\u00f3n modelo Lacar.. Construida en acero inoxidable. Filtros met\u00e1licos. Motor incorporado. Tres velocidades. Luz led. Comando digital con timer. Disponible en 60 \u00f3 90 cm. Opcional modelo Isla en 90 cm.<\/p>\n","protected":false},"excerpt":{"rendered":"<p>Campana de extracci\u00f3n Lacar.<\/p>\n","protected":false},"featured_media":4176,"comment_status":"closed","ping_status":"closed","template":"","meta":{"_et_pb_use_builder":"","_et_pb_old_content":"","_et_gb_content_width":""},"product_brand":[],"product_cat":[596],"product_tag":[],"class_list":{"0":"post-4175","1":"product","2":"type-product","3":"status-publish","4":"has-post-thumbnail","6":"product_cat-campanas","8":"first","9":"instock","10":"shipping-taxable","11":"product-type-simple"},"_links":{"self":[{"href":"https:\/\/bossi.com.ar\/site\/wp-json\/wp\/v2\/product\/4175","targetHints":{"allow":["GET"]}}],"collection":[{"href":"https:\/\/bossi.com.ar\/site\/wp-json\/wp\/v2\/product"}],"about":[{"href":"https:\/\/bossi.com.ar\/site\/wp-json\/wp\/v2\/types\/product"}],"replies":[{"embeddable":true,"href":"https:\/\/bossi.com.ar\/site\/wp-json\/wp\/v2\/comments?post=4175"}],"wp:featuredmedia":[{"embeddable":true,"href":"https:\/\/bossi.com.ar\/site\/wp-json\/wp\/v2\/media\/4176"}],"wp:attachment":[{"href":"https:\/\/bossi.com.ar\/site\/wp-json\/wp\/v2\/media?parent=4175"}],"wp:term":[{"taxonomy":"product_brand","embeddable":true,"href":"https:\/\/bossi.com.ar\/site\/wp-json\/wp\/v2\/product_brand?post=4175"},{"taxonomy":"product_cat","embeddable":true,"href":"https:\/\/bossi.com.ar\/site\/wp-json\/wp\/v2\/product_cat?post=4175"},{"taxonomy":"product_tag","embeddable":true,"href":"https:\/\/bossi.com.ar\/site\/wp-json\/wp\/v2\/product_tag?post=4175"}],"curies":[{"name":"wp","href":"https:\/\/api.w.org\/{rel}","templated":true}]}}