{"id":4179,"date":"2024-12-26T09:51:07","date_gmt":"2024-12-26T12:51:07","guid":{"rendered":"https:\/\/bossi.com.ar\/site\/?post_type=product&#038;p=4179"},"modified":"2024-12-26T09:51:07","modified_gmt":"2024-12-26T12:51:07","slug":"campana-de-extraccion-traful","status":"publish","type":"product","link":"https:\/\/bossi.com.ar\/site\/producto\/campana-de-extraccion-traful\/","title":{"rendered":"Campana de extracci\u00f3n Traf\u00fal."},"content":{"rendered":"<p>Campana de extracci\u00f3n modelo Traf\u00fal. Construida en acero inoxidable. Filtros met\u00e1licos. Motor incorporado. Tres velocidades. Luz led. Comando pulsante. Disponible en 60, 75 y 90 cm.<\/p>\n","protected":false},"excerpt":{"rendered":"<p>Campana de extracci\u00f3n Traf\u00fal.<\/p>\n","protected":false},"featured_media":4180,"comment_status":"closed","ping_status":"closed","template":"","meta":{"_et_pb_use_builder":"","_et_pb_old_content":"","_et_gb_content_width":""},"product_brand":[],"product_cat":[596],"product_tag":[],"class_list":{"0":"post-4179","1":"product","2":"type-product","3":"status-publish","4":"has-post-thumbnail","6":"product_cat-campanas","8":"first","9":"instock","10":"shipping-taxable","11":"product-type-simple"},"_links":{"self":[{"href":"https:\/\/bossi.com.ar\/site\/wp-json\/wp\/v2\/product\/4179","targetHints":{"allow":["GET"]}}],"collection":[{"href":"https:\/\/bossi.com.ar\/site\/wp-json\/wp\/v2\/product"}],"about":[{"href":"https:\/\/bossi.com.ar\/site\/wp-json\/wp\/v2\/types\/product"}],"replies":[{"embeddable":true,"href":"https:\/\/bossi.com.ar\/site\/wp-json\/wp\/v2\/comments?post=4179"}],"wp:featuredmedia":[{"embeddable":true,"href":"https:\/\/bossi.com.ar\/site\/wp-json\/wp\/v2\/media\/4180"}],"wp:attachment":[{"href":"https:\/\/bossi.com.ar\/site\/wp-json\/wp\/v2\/media?parent=4179"}],"wp:term":[{"taxonomy":"product_brand","embeddable":true,"href":"https:\/\/bossi.com.ar\/site\/wp-json\/wp\/v2\/product_brand?post=4179"},{"taxonomy":"product_cat","embeddable":true,"href":"https:\/\/bossi.com.ar\/site\/wp-json\/wp\/v2\/product_cat?post=4179"},{"taxonomy":"product_tag","embeddable":true,"href":"https:\/\/bossi.com.ar\/site\/wp-json\/wp\/v2\/product_tag?post=4179"}],"curies":[{"name":"wp","href":"https:\/\/api.w.org\/{rel}","templated":true}]}}