{"id":4181,"date":"2024-12-26T09:53:11","date_gmt":"2024-12-26T12:53:11","guid":{"rendered":"https:\/\/bossi.com.ar\/site\/?post_type=product&#038;p=4181"},"modified":"2024-12-26T09:53:12","modified_gmt":"2024-12-26T12:53:12","slug":"campana-de-extraccion-puelo","status":"publish","type":"product","link":"https:\/\/bossi.com.ar\/site\/producto\/campana-de-extraccion-puelo\/","title":{"rendered":"Campana de extracci\u00f3n Puelo."},"content":{"rendered":"<p>Campana de extracci\u00f3n modelo Puelo.. Construida en acero inoxidable. Filtros met\u00e1licos. Motor incorporado. Tres velocidades. Luz led. Comando digital con timer programable. Disponible en 60, 75 y 90 cm.<\/p>\n","protected":false},"excerpt":{"rendered":"<p>Campana de extracci\u00f3n Puelo.<\/p>\n","protected":false},"featured_media":4182,"comment_status":"closed","ping_status":"closed","template":"","meta":{"_et_pb_use_builder":"","_et_pb_old_content":"","_et_gb_content_width":""},"product_brand":[],"product_cat":[596],"product_tag":[],"class_list":{"0":"post-4181","1":"product","2":"type-product","3":"status-publish","4":"has-post-thumbnail","6":"product_cat-campanas","8":"first","9":"instock","10":"shipping-taxable","11":"product-type-simple"},"_links":{"self":[{"href":"https:\/\/bossi.com.ar\/site\/wp-json\/wp\/v2\/product\/4181","targetHints":{"allow":["GET"]}}],"collection":[{"href":"https:\/\/bossi.com.ar\/site\/wp-json\/wp\/v2\/product"}],"about":[{"href":"https:\/\/bossi.com.ar\/site\/wp-json\/wp\/v2\/types\/product"}],"replies":[{"embeddable":true,"href":"https:\/\/bossi.com.ar\/site\/wp-json\/wp\/v2\/comments?post=4181"}],"wp:featuredmedia":[{"embeddable":true,"href":"https:\/\/bossi.com.ar\/site\/wp-json\/wp\/v2\/media\/4182"}],"wp:attachment":[{"href":"https:\/\/bossi.com.ar\/site\/wp-json\/wp\/v2\/media?parent=4181"}],"wp:term":[{"taxonomy":"product_brand","embeddable":true,"href":"https:\/\/bossi.com.ar\/site\/wp-json\/wp\/v2\/product_brand?post=4181"},{"taxonomy":"product_cat","embeddable":true,"href":"https:\/\/bossi.com.ar\/site\/wp-json\/wp\/v2\/product_cat?post=4181"},{"taxonomy":"product_tag","embeddable":true,"href":"https:\/\/bossi.com.ar\/site\/wp-json\/wp\/v2\/product_tag?post=4181"}],"curies":[{"name":"wp","href":"https:\/\/api.w.org\/{rel}","templated":true}]}}