{"id":4183,"date":"2024-12-26T09:56:34","date_gmt":"2024-12-26T12:56:34","guid":{"rendered":"https:\/\/bossi.com.ar\/site\/?post_type=product&#038;p=4183"},"modified":"2024-12-26T09:56:34","modified_gmt":"2024-12-26T12:56:34","slug":"campana-de-extraccion-wayra","status":"publish","type":"product","link":"https:\/\/bossi.com.ar\/site\/producto\/campana-de-extraccion-wayra\/","title":{"rendered":"Campana de extracci\u00f3n Wayra."},"content":{"rendered":"<p>Campana de extracci\u00f3n modelo Wayra. Embut\u00edble. Construida en acero inoxidable. Filtros met\u00e1licos. Motor incorporado. Tres velocidades. Luz led. Comando pulsante. Disponible en 53 cm. Opci\u00f3n cartuchos de carb\u00f3n activado.<\/p>\n","protected":false},"excerpt":{"rendered":"<p>Campana de extracci\u00f3n Wayra.<\/p>\n","protected":false},"featured_media":4184,"comment_status":"closed","ping_status":"closed","template":"","meta":{"_et_pb_use_builder":"","_et_pb_old_content":"","_et_gb_content_width":""},"product_brand":[],"product_cat":[596],"product_tag":[],"class_list":{"0":"post-4183","1":"product","2":"type-product","3":"status-publish","4":"has-post-thumbnail","6":"product_cat-campanas","8":"first","9":"instock","10":"shipping-taxable","11":"product-type-simple"},"_links":{"self":[{"href":"https:\/\/bossi.com.ar\/site\/wp-json\/wp\/v2\/product\/4183","targetHints":{"allow":["GET"]}}],"collection":[{"href":"https:\/\/bossi.com.ar\/site\/wp-json\/wp\/v2\/product"}],"about":[{"href":"https:\/\/bossi.com.ar\/site\/wp-json\/wp\/v2\/types\/product"}],"replies":[{"embeddable":true,"href":"https:\/\/bossi.com.ar\/site\/wp-json\/wp\/v2\/comments?post=4183"}],"wp:featuredmedia":[{"embeddable":true,"href":"https:\/\/bossi.com.ar\/site\/wp-json\/wp\/v2\/media\/4184"}],"wp:attachment":[{"href":"https:\/\/bossi.com.ar\/site\/wp-json\/wp\/v2\/media?parent=4183"}],"wp:term":[{"taxonomy":"product_brand","embeddable":true,"href":"https:\/\/bossi.com.ar\/site\/wp-json\/wp\/v2\/product_brand?post=4183"},{"taxonomy":"product_cat","embeddable":true,"href":"https:\/\/bossi.com.ar\/site\/wp-json\/wp\/v2\/product_cat?post=4183"},{"taxonomy":"product_tag","embeddable":true,"href":"https:\/\/bossi.com.ar\/site\/wp-json\/wp\/v2\/product_tag?post=4183"}],"curies":[{"name":"wp","href":"https:\/\/api.w.org\/{rel}","templated":true}]}}